{"id":1400,"date":"2025-07-17T19:06:20","date_gmt":"2025-07-17T17:06:20","guid":{"rendered":"https:\/\/fusteriacanbatllaura.com\/politica-de-privacidad\/"},"modified":"2025-09-05T12:57:11","modified_gmt":"2025-09-05T10:57:11","slug":"politica-de-privacidad","status":"publish","type":"page","link":"https:\/\/fusteriacanbatllaura.com\/es\/politica-de-privacidad\/","title":{"rendered":"Pol\u00edtica de privacidad"},"content":{"rendered":"\t\t<div data-elementor-type=\"wp-page\" data-elementor-id=\"1400\" class=\"elementor elementor-1400 elementor-411\" data-elementor-post-type=\"page\">\n\t\t\t\t<div class=\"elementor-element elementor-element-6c7c7c75 e-con-full e-flex e-con e-parent\" data-id=\"6c7c7c75\" data-element_type=\"container\" data-e-type=\"container\" data-settings=\"{&quot;background_background&quot;:&quot;classic&quot;}\">\n\t\t<div class=\"elementor-element elementor-element-73887d1f e-con-full e-flex e-con e-child\" data-id=\"73887d1f\" data-element_type=\"container\" data-e-type=\"container\" data-settings=\"{&quot;background_background&quot;:&quot;classic&quot;}\">\n\t\t\t\t<div class=\"elementor-element elementor-element-6525a5e2 elementor-widget elementor-widget-heading\" data-id=\"6525a5e2\" data-element_type=\"widget\" data-e-type=\"widget\" data-widget_type=\"heading.default\">\n\t\t\t\t<div class=\"elementor-widget-container\">\n\t\t\t\t\t<h2 class=\"elementor-heading-title elementor-size-default\">Pol\u00edtica de privacidad<\/h2>\t\t\t\t<\/div>\n\t\t\t\t<\/div>\n\t\t\t\t<div class=\"elementor-element elementor-element-5642a52d elementor-widget-divider--view-line elementor-widget elementor-widget-divider\" data-id=\"5642a52d\" data-element_type=\"widget\" data-e-type=\"widget\" data-widget_type=\"divider.default\">\n\t\t\t\t<div class=\"elementor-widget-container\">\n\t\t\t\t\t\t\t<div class=\"elementor-divider\">\n\t\t\t<span class=\"elementor-divider-separator\">\n\t\t\t\t\t\t<\/span>\n\t\t<\/div>\n\t\t\t\t\t\t<\/div>\n\t\t\t\t<\/div>\n\t\t\t\t<\/div>\n\t\t<div class=\"elementor-element elementor-element-340f782a e-con-full elementor-hidden-mobile e-flex e-con e-child\" data-id=\"340f782a\" data-element_type=\"container\" data-e-type=\"container\">\n\t\t\t\t<\/div>\n\t\t\t\t<\/div>\n\t\t<div class=\"elementor-element elementor-element-385bf3a e-con-full e-flex e-con e-parent\" data-id=\"385bf3a\" data-element_type=\"container\" data-e-type=\"container\">\n\t\t\t\t<div class=\"elementor-element elementor-element-fa1f97f elementor-widget elementor-widget-text-editor\" data-id=\"fa1f97f\" data-element_type=\"widget\" data-e-type=\"widget\" data-widget_type=\"text-editor.default\">\n\t\t\t\t<div class=\"elementor-widget-container\">\n\t\t\t\t\t\t\t\t\t<p data-start=\"143\" data-end=\"402\">En <strong data-start=\"145\" data-end=\"171\">Fusteria Can Batllaura<\/strong> nos tomamos muy en serio la privacidad de los usuarios y el cumplimiento de la normativa vigente en materia de protecci\u00f3n de datos personales, en especial el <strong data-start=\"325\" data-end=\"359\">Reglamento (UE) 2016\/679 (RGPD)<\/strong> y la <strong data-start=\"365\" data-end=\"399\">Ley Org\u00e1nica 3\/2018 (LOPDGDD)<\/strong>.<\/p><p data-start=\"404\" data-end=\"574\">Al acceder a nuestro sitio web <strong data-start=\"434\" data-end=\"462\">fusteriacanbatllaura.com<\/strong>, y en caso de facilitarnos datos personales, el usuario acepta las condiciones de esta Pol\u00edtica de Privacidad.<\/p><h3 data-start=\"581\" data-end=\"613\"> <\/h3><h3 data-start=\"581\" data-end=\"613\">1. Responsable del tractamiento<\/h3><p data-start=\"614\" data-end=\"767\"><strong data-start=\"614\" data-end=\"640\">Fusteria Can Batllaura<\/strong><br data-start=\"640\" data-end=\"643\">Direcci\u00f3n: Cam\u00ed del Mur, 7, 17867 Camprodon, Girona<br data-start=\"691\" data-end=\"694\">Correo electr\u00f3nico: <a class=\"decorated-link cursor-pointer\" href=\"mailto:info@fusteriacanbatllaura.com\" rel=\"noopener\" data-start=\"713\" data-end=\"742\">info@fusteriacanbatllaura.com<\/a><br data-start=\"742\" data-end=\"745\">Tel\u00e9fono: 646 742 097<\/p><h3 data-start=\"774\" data-end=\"817\"> <\/h3><h3 data-start=\"774\" data-end=\"817\">2. Finalidad del tractamiento de los datos<\/h3><p data-start=\"818\" data-end=\"985\">Los datos personales que se recogen a trav\u00e9s del formulario de contacto o mediante comunicaciones directas con nosotros ser\u00e1n tratados con las siguientes finalidades:<\/p><ul data-start=\"987\" data-end=\"1219\"><li data-start=\"987\" data-end=\"1042\"><p data-start=\"989\" data-end=\"1042\">Responder a consultas, solicitudes o presupuestos.<\/p><\/li><li data-start=\"1043\" data-end=\"1082\"><p data-start=\"1045\" data-end=\"1082\">Gestionar los servicios solicitados.<\/p><\/li><li data-start=\"1083\" data-end=\"1168\"><p data-start=\"1085\" data-end=\"1168\">Mantener la comunicaci\u00f3n comercial en relaci\u00f3n con nuestros productos y servicios.<\/p><\/li><li data-start=\"1169\" data-end=\"1219\"><p data-start=\"1171\" data-end=\"1219\">Cumplir con las obligaciones legales aplicables.<\/p><\/li><\/ul><h3 data-start=\"1226\" data-end=\"1243\"> <\/h3><h3 data-start=\"1226\" data-end=\"1243\">3. Legitimaci\u00f3n<\/h3><p data-start=\"1244\" data-end=\"1294\">La base legal para el tratamiento de los datos es:<\/p><ul data-start=\"1296\" data-end=\"1486\"><li data-start=\"1296\" data-end=\"1389\"><p data-start=\"1298\" data-end=\"1389\">El consentimiento otorgado por el usuario al contactar con nosotros o enviar sus datos.<\/p><\/li><li data-start=\"1390\" data-end=\"1446\"><p data-start=\"1392\" data-end=\"1446\">La ejecuci\u00f3n de un contrato o medidas precontractuales.<\/p><\/li><li data-start=\"1447\" data-end=\"1486\"><p data-start=\"1449\" data-end=\"1486\">El cumplimiento de obligaciones legales.<\/p><\/li><\/ul><h3 data-start=\"1493\" data-end=\"1523\"> <\/h3><h3 data-start=\"1493\" data-end=\"1523\">Conservaci\u00f3n de los datos<\/h3><p data-start=\"1524\" data-end=\"1696\">Los datos personales se conservar\u00e1n \u00fanicamente el tiempo necesario para cumplir con la finalidad para la que fueron recabados, y durante los plazos legalmente establecidos.<\/p><h3 data-start=\"1703\" data-end=\"1733\"> <\/h3><h3 data-start=\"1703\" data-end=\"1733\">5. Comunicaci\u00f3n de los datos<\/h3><p data-start=\"1734\" data-end=\"1986\">No se ceder\u00e1n datos personales a terceros, salvo obligaci\u00f3n legal o cuando sea necesario para la prestaci\u00f3n de los servicios contratados (por ejemplo, servicios de hosting o proveedores inform\u00e1ticos con los que tenemos firmados contratos de confidencialidad).<\/p><h3 data-start=\"1993\" data-end=\"2017\"> <\/h3><h3 data-start=\"1993\" data-end=\"2017\">6. Derechos de los usuarios<\/h3><p data-start=\"2018\" data-end=\"2140\">Cualquier persona tiene derecho a obtener confirmaci\u00f3n sobre si en <strong data-start=\"2077\" data-end=\"2103\">Fusteria Can Batllaura<\/strong> tratamos sus datos personales.<\/p><p data-start=\"2142\" data-end=\"2369\">Los usuarios podr\u00e1n ejercer sus derechos de acceso, rectificaci\u00f3n, supresi\u00f3n, oposici\u00f3n, limitaci\u00f3n del tratamiento y portabilidad de sus datos, enviando una solicitud junto con copia de su documento de identidad a:<\/p><p data-start=\"2371\" data-end=\"2451\">Correo electr\u00f3nico: <a class=\"decorated-link cursor-pointer\" href=\"mailto:info@fusteriacanbatllaura.com\" rel=\"noopener\" data-start=\"2374\" data-end=\"2403\">info@fusteriacanbatllaura.com<\/a><br data-start=\"2403\" data-end=\"2406\">Direcci\u00f3n: Cam\u00ed del Mur, 7, 17867 Camprodon, Girona<\/p><p data-start=\"2453\" data-end=\"2635\">Asimismo, los interesados tienen derecho a presentar una reclamaci\u00f3n ante la <strong data-start=\"2529\" data-end=\"2579\">Agencia Espa\u00f1ola de Protecci\u00f3n de Datos (AEPD)<\/strong> si consideran que sus derechos han sido vulnerados.<\/p><h3 data-start=\"2642\" data-end=\"2670\"> <\/h3><h3 data-start=\"2642\" data-end=\"2670\">7. Seguridad de los datos<\/h3><p data-start=\"2671\" data-end=\"2847\">Adoptamos las medidas t\u00e9cnicas y organizativas necesarias para garantizar la seguridad de los datos personales y evitar su alteraci\u00f3n, p\u00e9rdida, tratamiento o acceso no autorizado.<\/p><h3 data-start=\"2854\" data-end=\"2895\"> <\/h3><h3 data-start=\"2854\" data-end=\"2895\">8. Cambios en la pol\u00edtica de privacidad<\/h3><p data-start=\"2896\" data-end=\"3101\"><strong data-start=\"2896\" data-end=\"2922\">Fusteria Can Batllaura<\/strong> se reserva el derecho de modificar la presente Pol\u00edtica de Privacidad en cualquier momento, con el fin de adaptarla a novedades legislativas o cambios en nuestras pr\u00e1cticas.<\/p><p data-start=\"2896\" data-end=\"3101\"> <\/p>\t\t\t\t\t\t\t\t<\/div>\n\t\t\t\t<\/div>\n\t\t\t\t<\/div>\n\t\t\t\t<\/div>\n\t\t","protected":false},"excerpt":{"rendered":"<p>Pol\u00edtica de privacidad En Fusteria Can Batllaura nos tomamos muy en serio la privacidad de los usuarios y el cumplimiento de la normativa vigente en materia de protecci\u00f3n de datos personales, en especial el Reglamento (UE) 2016\/679 (RGPD) y la Ley Org\u00e1nica 3\/2018 (LOPDGDD). Al acceder a nuestro sitio web fusteriacanbatllaura.com, y en caso de [&hellip;]<\/p>\n","protected":false},"author":1,"featured_media":0,"parent":0,"menu_order":0,"comment_status":"closed","ping_status":"closed","template":"","meta":{"footnotes":""},"class_list":["post-1400","page","type-page","status-publish","hentry"],"yoast_head":"<!-- This site is optimized with the Yoast SEO plugin v25.9 - https:\/\/yoast.com\/wordpress\/plugins\/seo\/ -->\n<title>Pol\u00edtica de privacidad - Fusteria Can Batllaura<\/title>\n<meta name=\"robots\" content=\"index, follow, max-snippet:-1, max-image-preview:large, max-video-preview:-1\" \/>\n<link rel=\"canonical\" href=\"https:\/\/fusteriacanbatllaura.com\/es\/politica-de-privacidad\/\" \/>\n<meta property=\"og:locale\" content=\"es_ES\" \/>\n<meta property=\"og:type\" content=\"article\" \/>\n<meta property=\"og:title\" content=\"Pol\u00edtica de privacidad - Fusteria Can Batllaura\" \/>\n<meta property=\"og:description\" content=\"Pol\u00edtica de privacidad En Fusteria Can Batllaura nos tomamos muy en serio la privacidad de los usuarios y el cumplimiento de la normativa vigente en materia de protecci\u00f3n de datos personales, en especial el Reglamento (UE) 2016\/679 (RGPD) y la Ley Org\u00e1nica 3\/2018 (LOPDGDD). Al acceder a nuestro sitio web fusteriacanbatllaura.com, y en caso de [&hellip;]\" \/>\n<meta property=\"og:url\" content=\"https:\/\/fusteriacanbatllaura.com\/es\/politica-de-privacidad\/\" \/>\n<meta property=\"og:site_name\" content=\"Fusteria Can Batllaura\" \/>\n<meta property=\"article:modified_time\" content=\"2025-09-05T10:57:11+00:00\" \/>\n<meta name=\"twitter:card\" content=\"summary_large_image\" \/>\n<meta name=\"twitter:label1\" content=\"Tiempo de lectura\" \/>\n\t<meta name=\"twitter:data1\" content=\"2 minutos\" \/>\n<script type=\"application\/ld+json\" class=\"yoast-schema-graph\">{\"@context\":\"https:\/\/schema.org\",\"@graph\":[{\"@type\":\"WebPage\",\"@id\":\"https:\/\/fusteriacanbatllaura.com\/es\/politica-de-privacidad\/\",\"url\":\"https:\/\/fusteriacanbatllaura.com\/es\/politica-de-privacidad\/\",\"name\":\"Pol\u00edtica de privacidad - Fusteria Can Batllaura\",\"isPartOf\":{\"@id\":\"https:\/\/fusteriacanbatllaura.com\/es\/#website\"},\"datePublished\":\"2025-07-17T17:06:20+00:00\",\"dateModified\":\"2025-09-05T10:57:11+00:00\",\"breadcrumb\":{\"@id\":\"https:\/\/fusteriacanbatllaura.com\/es\/politica-de-privacidad\/#breadcrumb\"},\"inLanguage\":\"es\",\"potentialAction\":[{\"@type\":\"ReadAction\",\"target\":[\"https:\/\/fusteriacanbatllaura.com\/es\/politica-de-privacidad\/\"]}]},{\"@type\":\"BreadcrumbList\",\"@id\":\"https:\/\/fusteriacanbatllaura.com\/es\/politica-de-privacidad\/#breadcrumb\",\"itemListElement\":[{\"@type\":\"ListItem\",\"position\":1,\"name\":\"Portada\",\"item\":\"https:\/\/fusteriacanbatllaura.com\/es\/inicio\/\"},{\"@type\":\"ListItem\",\"position\":2,\"name\":\"Pol\u00edtica de privacidad\"}]},{\"@type\":\"WebSite\",\"@id\":\"https:\/\/fusteriacanbatllaura.com\/es\/#website\",\"url\":\"https:\/\/fusteriacanbatllaura.com\/es\/\",\"name\":\"Fusteria Can Batllaura\",\"description\":\"Art i ofici en fusta des de Camprodon\",\"publisher\":{\"@id\":\"https:\/\/fusteriacanbatllaura.com\/es\/#organization\"},\"potentialAction\":[{\"@type\":\"SearchAction\",\"target\":{\"@type\":\"EntryPoint\",\"urlTemplate\":\"https:\/\/fusteriacanbatllaura.com\/es\/?s={search_term_string}\"},\"query-input\":{\"@type\":\"PropertyValueSpecification\",\"valueRequired\":true,\"valueName\":\"search_term_string\"}}],\"inLanguage\":\"es\"},{\"@type\":\"Organization\",\"@id\":\"https:\/\/fusteriacanbatllaura.com\/es\/#organization\",\"name\":\"Fusteria Can Batllaura\",\"url\":\"https:\/\/fusteriacanbatllaura.com\/es\/\",\"logo\":{\"@type\":\"ImageObject\",\"inLanguage\":\"es\",\"@id\":\"https:\/\/fusteriacanbatllaura.com\/es\/#\/schema\/logo\/image\/\",\"url\":\"https:\/\/fusteriacanbatllaura.com\/wp-content\/uploads\/2025\/07\/logo.png\",\"contentUrl\":\"https:\/\/fusteriacanbatllaura.com\/wp-content\/uploads\/2025\/07\/logo.png\",\"width\":167,\"height\":122,\"caption\":\"Fusteria Can Batllaura\"},\"image\":{\"@id\":\"https:\/\/fusteriacanbatllaura.com\/es\/#\/schema\/logo\/image\/\"}}]}<\/script>\n<!-- \/ Yoast SEO plugin. -->","yoast_head_json":{"title":"Pol\u00edtica de privacidad - Fusteria Can Batllaura","robots":{"index":"index","follow":"follow","max-snippet":"max-snippet:-1","max-image-preview":"max-image-preview:large","max-video-preview":"max-video-preview:-1"},"canonical":"https:\/\/fusteriacanbatllaura.com\/es\/politica-de-privacidad\/","og_locale":"es_ES","og_type":"article","og_title":"Pol\u00edtica de privacidad - Fusteria Can Batllaura","og_description":"Pol\u00edtica de privacidad En Fusteria Can Batllaura nos tomamos muy en serio la privacidad de los usuarios y el cumplimiento de la normativa vigente en materia de protecci\u00f3n de datos personales, en especial el Reglamento (UE) 2016\/679 (RGPD) y la Ley Org\u00e1nica 3\/2018 (LOPDGDD). Al acceder a nuestro sitio web fusteriacanbatllaura.com, y en caso de [&hellip;]","og_url":"https:\/\/fusteriacanbatllaura.com\/es\/politica-de-privacidad\/","og_site_name":"Fusteria Can Batllaura","article_modified_time":"2025-09-05T10:57:11+00:00","twitter_card":"summary_large_image","twitter_misc":{"Tiempo de lectura":"2 minutos"},"schema":{"@context":"https:\/\/schema.org","@graph":[{"@type":"WebPage","@id":"https:\/\/fusteriacanbatllaura.com\/es\/politica-de-privacidad\/","url":"https:\/\/fusteriacanbatllaura.com\/es\/politica-de-privacidad\/","name":"Pol\u00edtica de privacidad - Fusteria Can Batllaura","isPartOf":{"@id":"https:\/\/fusteriacanbatllaura.com\/es\/#website"},"datePublished":"2025-07-17T17:06:20+00:00","dateModified":"2025-09-05T10:57:11+00:00","breadcrumb":{"@id":"https:\/\/fusteriacanbatllaura.com\/es\/politica-de-privacidad\/#breadcrumb"},"inLanguage":"es","potentialAction":[{"@type":"ReadAction","target":["https:\/\/fusteriacanbatllaura.com\/es\/politica-de-privacidad\/"]}]},{"@type":"BreadcrumbList","@id":"https:\/\/fusteriacanbatllaura.com\/es\/politica-de-privacidad\/#breadcrumb","itemListElement":[{"@type":"ListItem","position":1,"name":"Portada","item":"https:\/\/fusteriacanbatllaura.com\/es\/inicio\/"},{"@type":"ListItem","position":2,"name":"Pol\u00edtica de privacidad"}]},{"@type":"WebSite","@id":"https:\/\/fusteriacanbatllaura.com\/es\/#website","url":"https:\/\/fusteriacanbatllaura.com\/es\/","name":"Fusteria Can Batllaura","description":"Art i ofici en fusta des de Camprodon","publisher":{"@id":"https:\/\/fusteriacanbatllaura.com\/es\/#organization"},"potentialAction":[{"@type":"SearchAction","target":{"@type":"EntryPoint","urlTemplate":"https:\/\/fusteriacanbatllaura.com\/es\/?s={search_term_string}"},"query-input":{"@type":"PropertyValueSpecification","valueRequired":true,"valueName":"search_term_string"}}],"inLanguage":"es"},{"@type":"Organization","@id":"https:\/\/fusteriacanbatllaura.com\/es\/#organization","name":"Fusteria Can Batllaura","url":"https:\/\/fusteriacanbatllaura.com\/es\/","logo":{"@type":"ImageObject","inLanguage":"es","@id":"https:\/\/fusteriacanbatllaura.com\/es\/#\/schema\/logo\/image\/","url":"https:\/\/fusteriacanbatllaura.com\/wp-content\/uploads\/2025\/07\/logo.png","contentUrl":"https:\/\/fusteriacanbatllaura.com\/wp-content\/uploads\/2025\/07\/logo.png","width":167,"height":122,"caption":"Fusteria Can Batllaura"},"image":{"@id":"https:\/\/fusteriacanbatllaura.com\/es\/#\/schema\/logo\/image\/"}}]}},"_links":{"self":[{"href":"https:\/\/fusteriacanbatllaura.com\/es\/wp-json\/wp\/v2\/pages\/1400","targetHints":{"allow":["GET"]}}],"collection":[{"href":"https:\/\/fusteriacanbatllaura.com\/es\/wp-json\/wp\/v2\/pages"}],"about":[{"href":"https:\/\/fusteriacanbatllaura.com\/es\/wp-json\/wp\/v2\/types\/page"}],"author":[{"embeddable":true,"href":"https:\/\/fusteriacanbatllaura.com\/es\/wp-json\/wp\/v2\/users\/1"}],"replies":[{"embeddable":true,"href":"https:\/\/fusteriacanbatllaura.com\/es\/wp-json\/wp\/v2\/comments?post=1400"}],"version-history":[{"count":7,"href":"https:\/\/fusteriacanbatllaura.com\/es\/wp-json\/wp\/v2\/pages\/1400\/revisions"}],"predecessor-version":[{"id":2459,"href":"https:\/\/fusteriacanbatllaura.com\/es\/wp-json\/wp\/v2\/pages\/1400\/revisions\/2459"}],"wp:attachment":[{"href":"https:\/\/fusteriacanbatllaura.com\/es\/wp-json\/wp\/v2\/media?parent=1400"}],"curies":[{"name":"wp","href":"https:\/\/api.w.org\/{rel}","templated":true}]}}