{"id":1398,"date":"2025-07-17T19:07:04","date_gmt":"2025-07-17T17:07:04","guid":{"rendered":"https:\/\/fusteriacanbatllaura.com\/politica-de-cookies\/"},"modified":"2025-09-05T12:48:49","modified_gmt":"2025-09-05T10:48:49","slug":"politica-de-cookies","status":"publish","type":"page","link":"https:\/\/fusteriacanbatllaura.com\/es\/politica-de-cookies\/","title":{"rendered":"Pol\u00edtica de cookies"},"content":{"rendered":"\t\t<div data-elementor-type=\"wp-page\" data-elementor-id=\"1398\" class=\"elementor elementor-1398 elementor-415\" data-elementor-post-type=\"page\">\n\t\t\t\t<div class=\"elementor-element elementor-element-ed3bba4 e-con-full e-flex e-con e-parent\" data-id=\"ed3bba4\" data-element_type=\"container\" data-e-type=\"container\" data-settings=\"{&quot;background_background&quot;:&quot;classic&quot;}\">\n\t\t<div class=\"elementor-element elementor-element-29ec7a6 e-con-full e-flex e-con e-child\" data-id=\"29ec7a6\" data-element_type=\"container\" data-e-type=\"container\" data-settings=\"{&quot;background_background&quot;:&quot;classic&quot;}\">\n\t\t\t\t<div class=\"elementor-element elementor-element-ba57aef elementor-widget elementor-widget-heading\" data-id=\"ba57aef\" data-element_type=\"widget\" data-e-type=\"widget\" data-widget_type=\"heading.default\">\n\t\t\t\t<div class=\"elementor-widget-container\">\n\t\t\t\t\t<h2 class=\"elementor-heading-title elementor-size-default\">Pol\u00edtica de cookies<\/h2>\t\t\t\t<\/div>\n\t\t\t\t<\/div>\n\t\t\t\t<div class=\"elementor-element elementor-element-faf1fad elementor-widget-divider--view-line elementor-widget elementor-widget-divider\" data-id=\"faf1fad\" data-element_type=\"widget\" data-e-type=\"widget\" data-widget_type=\"divider.default\">\n\t\t\t\t<div class=\"elementor-widget-container\">\n\t\t\t\t\t\t\t<div class=\"elementor-divider\">\n\t\t\t<span class=\"elementor-divider-separator\">\n\t\t\t\t\t\t<\/span>\n\t\t<\/div>\n\t\t\t\t\t\t<\/div>\n\t\t\t\t<\/div>\n\t\t\t\t<\/div>\n\t\t<div class=\"elementor-element elementor-element-0c47309 e-con-full elementor-hidden-mobile e-flex e-con e-child\" data-id=\"0c47309\" data-element_type=\"container\" data-e-type=\"container\">\n\t\t\t\t<\/div>\n\t\t\t\t<\/div>\n\t\t<div class=\"elementor-element elementor-element-57cfc9f e-con-full e-flex e-con e-parent\" data-id=\"57cfc9f\" data-element_type=\"container\" data-e-type=\"container\">\n\t\t\t\t<div class=\"elementor-element elementor-element-a26bc4a elementor-widget elementor-widget-text-editor\" data-id=\"a26bc4a\" data-element_type=\"widget\" data-e-type=\"widget\" data-widget_type=\"text-editor.default\">\n\t\t\t\t<div class=\"elementor-widget-container\">\n\t\t\t\t\t\t\t\t\t<p data-start=\"140\" data-end=\"312\">En la web <strong data-start=\"149\" data-end=\"177\">fusteriacanbatllaura.com<\/strong> utilizamos cookies con el objetivo de ofrecer un mejor servicio y proporcionar al usuario una experiencia de navegaci\u00f3n m\u00e1s satisfactoria.<\/p><p data-start=\"314\" data-end=\"436\">Al continuar navegando por nuestro sitio, el usuario acepta el uso de cookies en las condiciones descritas en esta pol\u00edtica.<\/p><h3 data-start=\"443\" data-end=\"469\"> <\/h3><h3 data-start=\"443\" data-end=\"469\">1. \u00bfQu\u00e9 son las cookies?<\/h3><p data-start=\"470\" data-end=\"763\">Las cookies son peque\u00f1os archivos de texto que los sitios web almacenan en el dispositivo del usuario (ordenador, tablet o smartphone) cuando los visita. Sirven para recordar informaci\u00f3n sobre su visita, como las preferencias de idioma, datos de acceso o la personalizaci\u00f3n de la p\u00e1gina. <\/p><h3 data-start=\"770\" data-end=\"820\"> <\/h3><h3 data-start=\"770\" data-end=\"820\">2. \u00bfQu\u00e9 tipos de cookies utiliza esta web?<\/h3><p data-start=\"821\" data-end=\"894\">En <strong data-start=\"823\" data-end=\"851\">fusteriacanbatllaura.com<\/strong> utilizamos los siguientes tipos de cookies:<\/p><ul data-start=\"896\" data-end=\"1617\"><li data-start=\"896\" data-end=\"1028\"><p data-start=\"898\" data-end=\"1028\"><strong data-start=\"898\" data-end=\"919\">Cookies t\u00e9cnicas<\/strong>: necesarias para el funcionamiento b\u00e1sico de la web y permitir la navegaci\u00f3n y el uso de sus funciones.<\/p><\/li><li data-start=\"1029\" data-end=\"1175\"><p data-start=\"1031\" data-end=\"1175\"><strong data-start=\"1031\" data-end=\"1061\">Cookies de personalizaci\u00f3n<\/strong>: permiten al usuario recordar configuraciones (como idioma o tipo de navegador) para mejorar la experiencia.<\/p><\/li><li data-start=\"1176\" data-end=\"1399\"><p data-start=\"1178\" data-end=\"1399\"><strong data-start=\"1178\" data-end=\"1199\">Cookies de an\u00e1lisis<\/strong>: nos permiten obtener estad\u00edsticas sobre el uso de la web, como p\u00e1ginas m\u00e1s visitadas o tiempo de permanencia, con el fin de mejorar los contenidos y servicios. (Ejemplo: Google Analytics).<\/p><\/li><li data-start=\"1400\" data-end=\"1617\"><p data-start=\"1402\" data-end=\"1617\"><strong data-start=\"1402\" data-end=\"1424\">Cookies de terceros<\/strong>: en ocasiones, podemos utilizar servicios de terceros que instalen cookies en el navegador del usuario (por ejemplo, para visualizar mapas de Google Maps o contenidos integrados de redes sociales).<\/p><\/li><\/ul><h3 data-start=\"1624\" data-end=\"1656\"> <\/h3><h3 data-start=\"1624\" data-end=\"1656\">3. \u00bfC\u00f3mo gestionar las cookies?<\/h3><p data-start=\"1657\" data-end=\"1784\">El usuario puede permitir, bloquear o eliminar las cookies instaladas en su dispositivo configurando las opciones del navegador.<\/p><p data-start=\"1786\" data-end=\"1878\">A continuaci\u00f3n, se indican enlaces a la gesti\u00f3n de cookies en los navegadores m\u00e1s habituales:<\/p><ul data-start=\"1880\" data-end=\"2203\"><li data-start=\"1880\" data-end=\"1953\"><p data-start=\"1882\" data-end=\"1953\"><a class=\"decorated-link cursor-pointer\" target=\"_new\" rel=\"noopener\" data-start=\"1882\" data-end=\"1951\">Google Chrome<\/a><\/p><\/li><li data-start=\"1954\" data-end=\"2029\"><p data-start=\"1956\" data-end=\"2029\"><a class=\"decorated-link cursor-pointer\" target=\"_new\" rel=\"noopener\" data-start=\"1956\" data-end=\"2027\">Mozilla Firefox<\/a><\/p><\/li><li data-start=\"2030\" data-end=\"2102\"><p data-start=\"2032\" data-end=\"2102\"><a class=\"decorated-link cursor-pointer\" target=\"_new\" rel=\"noopener\" data-start=\"2032\" data-end=\"2100\">Safari<\/a><\/p><\/li><li data-start=\"2103\" data-end=\"2203\"><p data-start=\"2105\" data-end=\"2203\"><a class=\"decorated-link cursor-pointer\" target=\"_new\" rel=\"noopener\" data-start=\"2105\" data-end=\"2201\">Microsoft Edge<\/a><\/p><\/li><\/ul><h3 data-start=\"2210\" data-end=\"2250\"> <\/h3><h3 data-start=\"2210\" data-end=\"2250\">4. Cookies utilizadas en esta web<\/h3><p data-start=\"2251\" data-end=\"2355\">En funci\u00f3n de la evoluci\u00f3n de la p\u00e1gina, las cookies concretas pueden variar. Actualmente, podemos utilizar: <\/p><ul data-start=\"2357\" data-end=\"2559\"><li data-start=\"2357\" data-end=\"2454\"><p data-start=\"2359\" data-end=\"2454\"><strong data-start=\"2359\" data-end=\"2372\">PHPSESSID<\/strong> (cookie t\u00e9cnica, de sesi\u00f3n): necesaria para el correcto funcionamiento de la web.<\/p><\/li><li data-start=\"2455\" data-end=\"2559\"><p data-start=\"2457\" data-end=\"2559\"><strong data-start=\"2457\" data-end=\"2476\">_ga, _gid, _gat <\/strong>(Google Analytics): cookies de an\u00e1lisis para recopilar estad\u00edsticas de uso del sitio.<\/p><\/li><\/ul><h3 data-start=\"2566\" data-end=\"2608\"> <\/h3><h3 data-start=\"2566\" data-end=\"2608\">5. Aceptaci\u00f3n de la pol\u00edtica de cookies<\/h3><p data-start=\"2609\" data-end=\"2807\">Al acceder a la web, el usuario ver\u00e1 un aviso o banner sobre el uso de cookies, con la opci\u00f3n de aceptarlas, configurarlas o rechazarlas. Si el usuario contin\u00faa navegando, se entender\u00e1 que acepta su uso. <\/p><h3 data-start=\"2814\" data-end=\"2859\"> <\/h3><h3 data-start=\"2814\" data-end=\"2859\">6. Actualizaci\u00f3n de la pol\u00edtica de cookies<\/h3><p data-start=\"2860\" data-end=\"3023\">Podemos actualizar esta Pol\u00edtica de Cookies en cualquier momento para adaptarla a cambios legislativos o t\u00e9cnicos. Se recomienda al usuario revisarla peri\u00f3dicamente. <\/p><p data-start=\"2860\" data-end=\"3023\"> <\/p><p data-start=\"2860\" data-end=\"3023\"> <\/p>\t\t\t\t\t\t\t\t<\/div>\n\t\t\t\t<\/div>\n\t\t\t\t<\/div>\n\t\t\t\t<\/div>\n\t\t","protected":false},"excerpt":{"rendered":"<p>Pol\u00edtica de cookies En la web fusteriacanbatllaura.com utilizamos cookies con el objetivo de ofrecer un mejor servicio y proporcionar al usuario una experiencia de navegaci\u00f3n m\u00e1s satisfactoria. Al continuar navegando por nuestro sitio, el usuario acepta el uso de cookies en las condiciones descritas en esta pol\u00edtica. 1. \u00bfQu\u00e9 son las cookies? Las cookies son [&hellip;]<\/p>\n","protected":false},"author":1,"featured_media":0,"parent":0,"menu_order":0,"comment_status":"closed","ping_status":"closed","template":"","meta":{"footnotes":""},"class_list":["post-1398","page","type-page","status-publish","hentry"],"yoast_head":"<!-- This site is optimized with the Yoast SEO plugin v25.9 - https:\/\/yoast.com\/wordpress\/plugins\/seo\/ -->\n<title>Pol\u00edtica de cookies - Fusteria Can Batllaura<\/title>\n<meta name=\"robots\" content=\"index, follow, max-snippet:-1, max-image-preview:large, max-video-preview:-1\" \/>\n<link rel=\"canonical\" href=\"https:\/\/fusteriacanbatllaura.com\/es\/politica-de-cookies\/\" \/>\n<meta property=\"og:locale\" content=\"es_ES\" \/>\n<meta property=\"og:type\" content=\"article\" \/>\n<meta property=\"og:title\" content=\"Pol\u00edtica de cookies - Fusteria Can Batllaura\" \/>\n<meta property=\"og:description\" content=\"Pol\u00edtica de cookies En la web fusteriacanbatllaura.com utilizamos cookies con el objetivo de ofrecer un mejor servicio y proporcionar al usuario una experiencia de navegaci\u00f3n m\u00e1s satisfactoria. Al continuar navegando por nuestro sitio, el usuario acepta el uso de cookies en las condiciones descritas en esta pol\u00edtica. 1. \u00bfQu\u00e9 son las cookies? Las cookies son [&hellip;]\" \/>\n<meta property=\"og:url\" content=\"https:\/\/fusteriacanbatllaura.com\/es\/politica-de-cookies\/\" \/>\n<meta property=\"og:site_name\" content=\"Fusteria Can Batllaura\" \/>\n<meta property=\"article:modified_time\" content=\"2025-09-05T10:48:49+00:00\" \/>\n<meta name=\"twitter:card\" content=\"summary_large_image\" \/>\n<meta name=\"twitter:label1\" content=\"Tiempo de lectura\" \/>\n\t<meta name=\"twitter:data1\" content=\"2 minutos\" \/>\n<script type=\"application\/ld+json\" class=\"yoast-schema-graph\">{\"@context\":\"https:\/\/schema.org\",\"@graph\":[{\"@type\":\"WebPage\",\"@id\":\"https:\/\/fusteriacanbatllaura.com\/es\/politica-de-cookies\/\",\"url\":\"https:\/\/fusteriacanbatllaura.com\/es\/politica-de-cookies\/\",\"name\":\"Pol\u00edtica de cookies - Fusteria Can Batllaura\",\"isPartOf\":{\"@id\":\"https:\/\/fusteriacanbatllaura.com\/es\/#website\"},\"datePublished\":\"2025-07-17T17:07:04+00:00\",\"dateModified\":\"2025-09-05T10:48:49+00:00\",\"breadcrumb\":{\"@id\":\"https:\/\/fusteriacanbatllaura.com\/es\/politica-de-cookies\/#breadcrumb\"},\"inLanguage\":\"es\",\"potentialAction\":[{\"@type\":\"ReadAction\",\"target\":[\"https:\/\/fusteriacanbatllaura.com\/es\/politica-de-cookies\/\"]}]},{\"@type\":\"BreadcrumbList\",\"@id\":\"https:\/\/fusteriacanbatllaura.com\/es\/politica-de-cookies\/#breadcrumb\",\"itemListElement\":[{\"@type\":\"ListItem\",\"position\":1,\"name\":\"Portada\",\"item\":\"https:\/\/fusteriacanbatllaura.com\/es\/inicio\/\"},{\"@type\":\"ListItem\",\"position\":2,\"name\":\"Pol\u00edtica de cookies\"}]},{\"@type\":\"WebSite\",\"@id\":\"https:\/\/fusteriacanbatllaura.com\/es\/#website\",\"url\":\"https:\/\/fusteriacanbatllaura.com\/es\/\",\"name\":\"Fusteria Can Batllaura\",\"description\":\"Art i ofici en fusta des de Camprodon\",\"publisher\":{\"@id\":\"https:\/\/fusteriacanbatllaura.com\/es\/#organization\"},\"potentialAction\":[{\"@type\":\"SearchAction\",\"target\":{\"@type\":\"EntryPoint\",\"urlTemplate\":\"https:\/\/fusteriacanbatllaura.com\/es\/?s={search_term_string}\"},\"query-input\":{\"@type\":\"PropertyValueSpecification\",\"valueRequired\":true,\"valueName\":\"search_term_string\"}}],\"inLanguage\":\"es\"},{\"@type\":\"Organization\",\"@id\":\"https:\/\/fusteriacanbatllaura.com\/es\/#organization\",\"name\":\"Fusteria Can Batllaura\",\"url\":\"https:\/\/fusteriacanbatllaura.com\/es\/\",\"logo\":{\"@type\":\"ImageObject\",\"inLanguage\":\"es\",\"@id\":\"https:\/\/fusteriacanbatllaura.com\/es\/#\/schema\/logo\/image\/\",\"url\":\"https:\/\/fusteriacanbatllaura.com\/wp-content\/uploads\/2025\/07\/logo.png\",\"contentUrl\":\"https:\/\/fusteriacanbatllaura.com\/wp-content\/uploads\/2025\/07\/logo.png\",\"width\":167,\"height\":122,\"caption\":\"Fusteria Can Batllaura\"},\"image\":{\"@id\":\"https:\/\/fusteriacanbatllaura.com\/es\/#\/schema\/logo\/image\/\"}}]}<\/script>\n<!-- \/ Yoast SEO plugin. -->","yoast_head_json":{"title":"Pol\u00edtica de cookies - Fusteria Can Batllaura","robots":{"index":"index","follow":"follow","max-snippet":"max-snippet:-1","max-image-preview":"max-image-preview:large","max-video-preview":"max-video-preview:-1"},"canonical":"https:\/\/fusteriacanbatllaura.com\/es\/politica-de-cookies\/","og_locale":"es_ES","og_type":"article","og_title":"Pol\u00edtica de cookies - Fusteria Can Batllaura","og_description":"Pol\u00edtica de cookies En la web fusteriacanbatllaura.com utilizamos cookies con el objetivo de ofrecer un mejor servicio y proporcionar al usuario una experiencia de navegaci\u00f3n m\u00e1s satisfactoria. Al continuar navegando por nuestro sitio, el usuario acepta el uso de cookies en las condiciones descritas en esta pol\u00edtica. 1. \u00bfQu\u00e9 son las cookies? Las cookies son [&hellip;]","og_url":"https:\/\/fusteriacanbatllaura.com\/es\/politica-de-cookies\/","og_site_name":"Fusteria Can Batllaura","article_modified_time":"2025-09-05T10:48:49+00:00","twitter_card":"summary_large_image","twitter_misc":{"Tiempo de lectura":"2 minutos"},"schema":{"@context":"https:\/\/schema.org","@graph":[{"@type":"WebPage","@id":"https:\/\/fusteriacanbatllaura.com\/es\/politica-de-cookies\/","url":"https:\/\/fusteriacanbatllaura.com\/es\/politica-de-cookies\/","name":"Pol\u00edtica de cookies - Fusteria Can Batllaura","isPartOf":{"@id":"https:\/\/fusteriacanbatllaura.com\/es\/#website"},"datePublished":"2025-07-17T17:07:04+00:00","dateModified":"2025-09-05T10:48:49+00:00","breadcrumb":{"@id":"https:\/\/fusteriacanbatllaura.com\/es\/politica-de-cookies\/#breadcrumb"},"inLanguage":"es","potentialAction":[{"@type":"ReadAction","target":["https:\/\/fusteriacanbatllaura.com\/es\/politica-de-cookies\/"]}]},{"@type":"BreadcrumbList","@id":"https:\/\/fusteriacanbatllaura.com\/es\/politica-de-cookies\/#breadcrumb","itemListElement":[{"@type":"ListItem","position":1,"name":"Portada","item":"https:\/\/fusteriacanbatllaura.com\/es\/inicio\/"},{"@type":"ListItem","position":2,"name":"Pol\u00edtica de cookies"}]},{"@type":"WebSite","@id":"https:\/\/fusteriacanbatllaura.com\/es\/#website","url":"https:\/\/fusteriacanbatllaura.com\/es\/","name":"Fusteria Can Batllaura","description":"Art i ofici en fusta des de Camprodon","publisher":{"@id":"https:\/\/fusteriacanbatllaura.com\/es\/#organization"},"potentialAction":[{"@type":"SearchAction","target":{"@type":"EntryPoint","urlTemplate":"https:\/\/fusteriacanbatllaura.com\/es\/?s={search_term_string}"},"query-input":{"@type":"PropertyValueSpecification","valueRequired":true,"valueName":"search_term_string"}}],"inLanguage":"es"},{"@type":"Organization","@id":"https:\/\/fusteriacanbatllaura.com\/es\/#organization","name":"Fusteria Can Batllaura","url":"https:\/\/fusteriacanbatllaura.com\/es\/","logo":{"@type":"ImageObject","inLanguage":"es","@id":"https:\/\/fusteriacanbatllaura.com\/es\/#\/schema\/logo\/image\/","url":"https:\/\/fusteriacanbatllaura.com\/wp-content\/uploads\/2025\/07\/logo.png","contentUrl":"https:\/\/fusteriacanbatllaura.com\/wp-content\/uploads\/2025\/07\/logo.png","width":167,"height":122,"caption":"Fusteria Can Batllaura"},"image":{"@id":"https:\/\/fusteriacanbatllaura.com\/es\/#\/schema\/logo\/image\/"}}]}},"_links":{"self":[{"href":"https:\/\/fusteriacanbatllaura.com\/es\/wp-json\/wp\/v2\/pages\/1398","targetHints":{"allow":["GET"]}}],"collection":[{"href":"https:\/\/fusteriacanbatllaura.com\/es\/wp-json\/wp\/v2\/pages"}],"about":[{"href":"https:\/\/fusteriacanbatllaura.com\/es\/wp-json\/wp\/v2\/types\/page"}],"author":[{"embeddable":true,"href":"https:\/\/fusteriacanbatllaura.com\/es\/wp-json\/wp\/v2\/users\/1"}],"replies":[{"embeddable":true,"href":"https:\/\/fusteriacanbatllaura.com\/es\/wp-json\/wp\/v2\/comments?post=1398"}],"version-history":[{"count":5,"href":"https:\/\/fusteriacanbatllaura.com\/es\/wp-json\/wp\/v2\/pages\/1398\/revisions"}],"predecessor-version":[{"id":2456,"href":"https:\/\/fusteriacanbatllaura.com\/es\/wp-json\/wp\/v2\/pages\/1398\/revisions\/2456"}],"wp:attachment":[{"href":"https:\/\/fusteriacanbatllaura.com\/es\/wp-json\/wp\/v2\/media?parent=1398"}],"curies":[{"name":"wp","href":"https:\/\/api.w.org\/{rel}","templated":true}]}}