{"id":1386,"date":"2025-07-17T19:06:43","date_gmt":"2025-07-17T17:06:43","guid":{"rendered":"https:\/\/fusteriacanbatllaura.com\/aviso-legal\/"},"modified":"2025-09-05T12:54:49","modified_gmt":"2025-09-05T10:54:49","slug":"aviso-legal","status":"publish","type":"page","link":"https:\/\/fusteriacanbatllaura.com\/es\/aviso-legal\/","title":{"rendered":"Aviso legal"},"content":{"rendered":"\t\t<div data-elementor-type=\"wp-page\" data-elementor-id=\"1386\" class=\"elementor elementor-1386 elementor-413\" data-elementor-post-type=\"page\">\n\t\t\t\t<div class=\"elementor-element elementor-element-ffd8570 e-con-full e-flex e-con e-parent\" data-id=\"ffd8570\" data-element_type=\"container\" data-e-type=\"container\" data-settings=\"{&quot;background_background&quot;:&quot;classic&quot;}\">\n\t\t<div class=\"elementor-element elementor-element-488d3a5 e-con-full e-flex e-con e-child\" data-id=\"488d3a5\" data-element_type=\"container\" data-e-type=\"container\" data-settings=\"{&quot;background_background&quot;:&quot;classic&quot;}\">\n\t\t\t\t<div class=\"elementor-element elementor-element-92d4dc4 elementor-widget elementor-widget-heading\" data-id=\"92d4dc4\" data-element_type=\"widget\" data-e-type=\"widget\" data-widget_type=\"heading.default\">\n\t\t\t\t<div class=\"elementor-widget-container\">\n\t\t\t\t\t<h2 class=\"elementor-heading-title elementor-size-default\">Aviso Legal<\/h2>\t\t\t\t<\/div>\n\t\t\t\t<\/div>\n\t\t\t\t<div class=\"elementor-element elementor-element-f093a65 elementor-widget-divider--view-line elementor-widget elementor-widget-divider\" data-id=\"f093a65\" data-element_type=\"widget\" data-e-type=\"widget\" data-widget_type=\"divider.default\">\n\t\t\t\t<div class=\"elementor-widget-container\">\n\t\t\t\t\t\t\t<div class=\"elementor-divider\">\n\t\t\t<span class=\"elementor-divider-separator\">\n\t\t\t\t\t\t<\/span>\n\t\t<\/div>\n\t\t\t\t\t\t<\/div>\n\t\t\t\t<\/div>\n\t\t\t\t<\/div>\n\t\t<div class=\"elementor-element elementor-element-563ef86 e-con-full elementor-hidden-mobile e-flex e-con e-child\" data-id=\"563ef86\" data-element_type=\"container\" data-e-type=\"container\">\n\t\t\t\t<\/div>\n\t\t\t\t<\/div>\n\t\t<div class=\"elementor-element elementor-element-f80fa3d e-con-full e-flex e-con e-parent\" data-id=\"f80fa3d\" data-element_type=\"container\" data-e-type=\"container\">\n\t\t\t\t<div class=\"elementor-element elementor-element-6ef301a elementor-widget elementor-widget-text-editor\" data-id=\"6ef301a\" data-element_type=\"widget\" data-e-type=\"widget\" data-widget_type=\"text-editor.default\">\n\t\t\t\t<div class=\"elementor-widget-container\">\n\t\t\t\t\t\t\t\t\t<p data-start=\"131\" data-end=\"421\">En cumplimiento con el deber de informaci\u00f3n recogido en el art\u00edculo 10 de la Ley 34\/2002, de 11 de julio, de Servicios de la Sociedad de la Informaci\u00f3n y del Comercio Electr\u00f3nico (LSSI-CE), se facilitan a continuaci\u00f3n los datos de identificaci\u00f3n de la entidad titular del sitio web fusteriacanbatllaura.com:<\/p><h3> <\/h3><h3>1. Datos identificativos<\/h3><ul data-start=\"452\" data-end=\"634\"><li data-start=\"452\" data-end=\"491\"><p data-start=\"454\" data-end=\"491\"><strong data-start=\"454\" data-end=\"466\">Titular:<\/strong> Fusteria Can Batllaura<\/p><\/li><li data-start=\"492\" data-end=\"548\"><p data-start=\"494\" data-end=\"548\"><strong data-start=\"494\" data-end=\"505\">Direcci\u00f3n: <\/strong>Cam\u00ed del Mur, 7, 17867 Camprodon, Girona<\/p><\/li><li data-start=\"549\" data-end=\"605\"><p data-start=\"551\" data-end=\"605\"><strong data-start=\"551\" data-end=\"573\">Correo electr\u00f3nico:<\/strong> <a class=\"decorated-link cursor-pointer\" href=\"mailto:info@fusteriacanbatllaura.com\" rel=\"noopener\" data-start=\"574\" data-end=\"603\">info@fusteriacanbatllaura.com<\/a><\/p><\/li><li data-start=\"606\" data-end=\"634\"><p data-start=\"608\" data-end=\"634\"><strong data-start=\"608\" data-end=\"620\">Tel\u00e9fono:<\/strong> 646 742 097<\/p><\/li><\/ul><h3 data-start=\"636\" data-end=\"650\"> <\/h3><h3 data-start=\"636\" data-end=\"650\">2. Objeto<\/h3><p data-start=\"651\" data-end=\"851\">El presente sitio web ha sido creado con car\u00e1cter informativo y para uso personal de los usuarios. A trav\u00e9s de esta p\u00e1gina se ofrece informaci\u00f3n sobre los servicios de carpinter\u00eda de <strong data-start=\"824\" data-end=\"850\">Fusteria Can Batllaura<\/strong>.<\/p><h3 data-start=\"853\" data-end=\"875\"> <\/h3><h3 data-start=\"853\" data-end=\"875\">3. Condiciones de uso<\/h3><p data-start=\"876\" data-end=\"1055\">La utilizaci\u00f3n de la web atribuye la condici\u00f3n de usuario e implica la aceptaci\u00f3n plena de todas las disposiciones incluidas en este Aviso Legal en el momento en que el usuario acceda al sitio.<\/p><p data-start=\"1057\" data-end=\"1144\">El usuario se compromete a hacer un uso adecuado de los contenidos de la web, absteni\u00e9ndose de:<\/p><ul data-start=\"1145\" data-end=\"1465\"><li data-start=\"1145\" data-end=\"1237\"><p data-start=\"1147\" data-end=\"1237\">Realizar actividades il\u00edcitas, ilegales o contrarias a la buena fe y al orden p\u00fablico.<\/p><\/li><li data-start=\"1238\" data-end=\"1361\"><p data-start=\"1240\" data-end=\"1361\">Difundir contenidos racistas, xen\u00f3fobos, pornogr\u00e1ficos, de apolog\u00eda del terrorismo o atentatorios contra los derechos humanos.<\/p><\/li><li data-start=\"1362\" data-end=\"1465\"><p data-start=\"1364\" data-end=\"1465\">Provocar da\u00f1os en los sistemas f\u00edsicos y l\u00f3gicos de la web, de sus proveedores o de terceras personas.<\/p><\/li><\/ul><h3 data-start=\"1467\" data-end=\"1510\"> <\/h3><h3 data-start=\"1467\" data-end=\"1510\">4. Propiedad intelectual e industrial<\/h3><p data-start=\"1511\" data-end=\"1703\">Todos los contenidos del sitio web (textos, fotograf\u00edas, logotipos, marcas, dise\u00f1o gr\u00e1fico, c\u00f3digo fuente, etc.) son propiedad de <strong data-start=\"1635\" data-end=\"1661\">Fusteria Can Batllaura<\/strong> o de terceros que han autorizado su uso.<\/p><p data-start=\"1705\" data-end=\"1849\">Queda prohibida la reproducci\u00f3n, distribuci\u00f3n o comunicaci\u00f3n p\u00fablica de los contenidos sin la autorizaci\u00f3n expresa de <strong data-start=\"1820\" data-end=\"1846\">Fusteria Can Batllaura<\/strong>.<\/p><h3 data-start=\"1851\" data-end=\"1873\"> <\/h3><h3 data-start=\"1851\" data-end=\"1873\">5. Responsabilidad<\/h3><p data-start=\"1874\" data-end=\"2052\"><strong data-start=\"1874\" data-end=\"1900\">Fusteria Can Batllaura<\/strong> no se responsabiliza de los da\u00f1os que pudieran derivarse del mal uso de la web, ni de las decisiones tomadas a partir de la informaci\u00f3n contenida en ella.<\/p><p data-start=\"2054\" data-end=\"2237\">Tampoco se hace responsable de los da\u00f1os y perjuicios que puedan sufrir los usuarios a causa de enlaces a otras p\u00e1ginas o contenidos de terceros que pudieran aparecer en este sitio web.<\/p><h3 data-start=\"2239\" data-end=\"2280\"> <\/h3><h3 data-start=\"2239\" data-end=\"2280\">6. Legislaci\u00f3n aplicable y jurisdicci\u00f3n<\/h3><p data-start=\"2281\" data-end=\"2407\">Las relaciones entre <strong data-start=\"2301\" data-end=\"2327\">Fusteria Can Batllaura<\/strong> y los usuarios de este sitio web se regir\u00e1n por la normativa espa\u00f1ola vigente.<\/p><p data-start=\"2409\" data-end=\"2539\">Cualquier controversia ser\u00e1 sometida a los Juzgados y Tribunales de Girona, salvo que la normativa aplicable disponga otra cosa.<\/p><p data-start=\"2409\" data-end=\"2539\"> <\/p><p data-start=\"2409\" data-end=\"2539\"> <\/p>\t\t\t\t\t\t\t\t<\/div>\n\t\t\t\t<\/div>\n\t\t\t\t<\/div>\n\t\t\t\t<\/div>\n\t\t","protected":false},"excerpt":{"rendered":"<p>Aviso Legal En cumplimiento con el deber de informaci\u00f3n recogido en el art\u00edculo 10 de la Ley 34\/2002, de 11 de julio, de Servicios de la Sociedad de la Informaci\u00f3n y del Comercio Electr\u00f3nico (LSSI-CE), se facilitan a continuaci\u00f3n los datos de identificaci\u00f3n de la entidad titular del sitio web fusteriacanbatllaura.com: 1. Datos identificativos Titular: [&hellip;]<\/p>\n","protected":false},"author":1,"featured_media":0,"parent":0,"menu_order":0,"comment_status":"closed","ping_status":"closed","template":"","meta":{"footnotes":""},"class_list":["post-1386","page","type-page","status-publish","hentry"],"yoast_head":"<!-- This site is optimized with the Yoast SEO plugin v25.9 - https:\/\/yoast.com\/wordpress\/plugins\/seo\/ -->\n<title>Aviso legal - Fusteria Can Batllaura<\/title>\n<meta name=\"robots\" content=\"index, follow, max-snippet:-1, max-image-preview:large, max-video-preview:-1\" \/>\n<link rel=\"canonical\" href=\"https:\/\/fusteriacanbatllaura.com\/es\/aviso-legal\/\" \/>\n<meta property=\"og:locale\" content=\"es_ES\" \/>\n<meta property=\"og:type\" content=\"article\" \/>\n<meta property=\"og:title\" content=\"Aviso legal - Fusteria Can Batllaura\" \/>\n<meta property=\"og:description\" content=\"Aviso Legal En cumplimiento con el deber de informaci\u00f3n recogido en el art\u00edculo 10 de la Ley 34\/2002, de 11 de julio, de Servicios de la Sociedad de la Informaci\u00f3n y del Comercio Electr\u00f3nico (LSSI-CE), se facilitan a continuaci\u00f3n los datos de identificaci\u00f3n de la entidad titular del sitio web fusteriacanbatllaura.com: 1. Datos identificativos Titular: [&hellip;]\" \/>\n<meta property=\"og:url\" content=\"https:\/\/fusteriacanbatllaura.com\/es\/aviso-legal\/\" \/>\n<meta property=\"og:site_name\" content=\"Fusteria Can Batllaura\" \/>\n<meta property=\"article:modified_time\" content=\"2025-09-05T10:54:49+00:00\" \/>\n<meta name=\"twitter:card\" content=\"summary_large_image\" \/>\n<meta name=\"twitter:label1\" content=\"Tiempo de lectura\" \/>\n\t<meta name=\"twitter:data1\" content=\"2 minutos\" \/>\n<script type=\"application\/ld+json\" class=\"yoast-schema-graph\">{\"@context\":\"https:\/\/schema.org\",\"@graph\":[{\"@type\":\"WebPage\",\"@id\":\"https:\/\/fusteriacanbatllaura.com\/es\/aviso-legal\/\",\"url\":\"https:\/\/fusteriacanbatllaura.com\/es\/aviso-legal\/\",\"name\":\"Aviso legal - Fusteria Can Batllaura\",\"isPartOf\":{\"@id\":\"https:\/\/fusteriacanbatllaura.com\/es\/#website\"},\"datePublished\":\"2025-07-17T17:06:43+00:00\",\"dateModified\":\"2025-09-05T10:54:49+00:00\",\"breadcrumb\":{\"@id\":\"https:\/\/fusteriacanbatllaura.com\/es\/aviso-legal\/#breadcrumb\"},\"inLanguage\":\"es\",\"potentialAction\":[{\"@type\":\"ReadAction\",\"target\":[\"https:\/\/fusteriacanbatllaura.com\/es\/aviso-legal\/\"]}]},{\"@type\":\"BreadcrumbList\",\"@id\":\"https:\/\/fusteriacanbatllaura.com\/es\/aviso-legal\/#breadcrumb\",\"itemListElement\":[{\"@type\":\"ListItem\",\"position\":1,\"name\":\"Portada\",\"item\":\"https:\/\/fusteriacanbatllaura.com\/es\/inicio\/\"},{\"@type\":\"ListItem\",\"position\":2,\"name\":\"Aviso legal\"}]},{\"@type\":\"WebSite\",\"@id\":\"https:\/\/fusteriacanbatllaura.com\/es\/#website\",\"url\":\"https:\/\/fusteriacanbatllaura.com\/es\/\",\"name\":\"Fusteria Can Batllaura\",\"description\":\"Art i ofici en fusta des de Camprodon\",\"publisher\":{\"@id\":\"https:\/\/fusteriacanbatllaura.com\/es\/#organization\"},\"potentialAction\":[{\"@type\":\"SearchAction\",\"target\":{\"@type\":\"EntryPoint\",\"urlTemplate\":\"https:\/\/fusteriacanbatllaura.com\/es\/?s={search_term_string}\"},\"query-input\":{\"@type\":\"PropertyValueSpecification\",\"valueRequired\":true,\"valueName\":\"search_term_string\"}}],\"inLanguage\":\"es\"},{\"@type\":\"Organization\",\"@id\":\"https:\/\/fusteriacanbatllaura.com\/es\/#organization\",\"name\":\"Fusteria Can Batllaura\",\"url\":\"https:\/\/fusteriacanbatllaura.com\/es\/\",\"logo\":{\"@type\":\"ImageObject\",\"inLanguage\":\"es\",\"@id\":\"https:\/\/fusteriacanbatllaura.com\/es\/#\/schema\/logo\/image\/\",\"url\":\"https:\/\/fusteriacanbatllaura.com\/wp-content\/uploads\/2025\/07\/logo.png\",\"contentUrl\":\"https:\/\/fusteriacanbatllaura.com\/wp-content\/uploads\/2025\/07\/logo.png\",\"width\":167,\"height\":122,\"caption\":\"Fusteria Can Batllaura\"},\"image\":{\"@id\":\"https:\/\/fusteriacanbatllaura.com\/es\/#\/schema\/logo\/image\/\"}}]}<\/script>\n<!-- \/ Yoast SEO plugin. -->","yoast_head_json":{"title":"Aviso legal - Fusteria Can Batllaura","robots":{"index":"index","follow":"follow","max-snippet":"max-snippet:-1","max-image-preview":"max-image-preview:large","max-video-preview":"max-video-preview:-1"},"canonical":"https:\/\/fusteriacanbatllaura.com\/es\/aviso-legal\/","og_locale":"es_ES","og_type":"article","og_title":"Aviso legal - Fusteria Can Batllaura","og_description":"Aviso Legal En cumplimiento con el deber de informaci\u00f3n recogido en el art\u00edculo 10 de la Ley 34\/2002, de 11 de julio, de Servicios de la Sociedad de la Informaci\u00f3n y del Comercio Electr\u00f3nico (LSSI-CE), se facilitan a continuaci\u00f3n los datos de identificaci\u00f3n de la entidad titular del sitio web fusteriacanbatllaura.com: 1. Datos identificativos Titular: [&hellip;]","og_url":"https:\/\/fusteriacanbatllaura.com\/es\/aviso-legal\/","og_site_name":"Fusteria Can Batllaura","article_modified_time":"2025-09-05T10:54:49+00:00","twitter_card":"summary_large_image","twitter_misc":{"Tiempo de lectura":"2 minutos"},"schema":{"@context":"https:\/\/schema.org","@graph":[{"@type":"WebPage","@id":"https:\/\/fusteriacanbatllaura.com\/es\/aviso-legal\/","url":"https:\/\/fusteriacanbatllaura.com\/es\/aviso-legal\/","name":"Aviso legal - Fusteria Can Batllaura","isPartOf":{"@id":"https:\/\/fusteriacanbatllaura.com\/es\/#website"},"datePublished":"2025-07-17T17:06:43+00:00","dateModified":"2025-09-05T10:54:49+00:00","breadcrumb":{"@id":"https:\/\/fusteriacanbatllaura.com\/es\/aviso-legal\/#breadcrumb"},"inLanguage":"es","potentialAction":[{"@type":"ReadAction","target":["https:\/\/fusteriacanbatllaura.com\/es\/aviso-legal\/"]}]},{"@type":"BreadcrumbList","@id":"https:\/\/fusteriacanbatllaura.com\/es\/aviso-legal\/#breadcrumb","itemListElement":[{"@type":"ListItem","position":1,"name":"Portada","item":"https:\/\/fusteriacanbatllaura.com\/es\/inicio\/"},{"@type":"ListItem","position":2,"name":"Aviso legal"}]},{"@type":"WebSite","@id":"https:\/\/fusteriacanbatllaura.com\/es\/#website","url":"https:\/\/fusteriacanbatllaura.com\/es\/","name":"Fusteria Can Batllaura","description":"Art i ofici en fusta des de Camprodon","publisher":{"@id":"https:\/\/fusteriacanbatllaura.com\/es\/#organization"},"potentialAction":[{"@type":"SearchAction","target":{"@type":"EntryPoint","urlTemplate":"https:\/\/fusteriacanbatllaura.com\/es\/?s={search_term_string}"},"query-input":{"@type":"PropertyValueSpecification","valueRequired":true,"valueName":"search_term_string"}}],"inLanguage":"es"},{"@type":"Organization","@id":"https:\/\/fusteriacanbatllaura.com\/es\/#organization","name":"Fusteria Can Batllaura","url":"https:\/\/fusteriacanbatllaura.com\/es\/","logo":{"@type":"ImageObject","inLanguage":"es","@id":"https:\/\/fusteriacanbatllaura.com\/es\/#\/schema\/logo\/image\/","url":"https:\/\/fusteriacanbatllaura.com\/wp-content\/uploads\/2025\/07\/logo.png","contentUrl":"https:\/\/fusteriacanbatllaura.com\/wp-content\/uploads\/2025\/07\/logo.png","width":167,"height":122,"caption":"Fusteria Can Batllaura"},"image":{"@id":"https:\/\/fusteriacanbatllaura.com\/es\/#\/schema\/logo\/image\/"}}]}},"_links":{"self":[{"href":"https:\/\/fusteriacanbatllaura.com\/es\/wp-json\/wp\/v2\/pages\/1386","targetHints":{"allow":["GET"]}}],"collection":[{"href":"https:\/\/fusteriacanbatllaura.com\/es\/wp-json\/wp\/v2\/pages"}],"about":[{"href":"https:\/\/fusteriacanbatllaura.com\/es\/wp-json\/wp\/v2\/types\/page"}],"author":[{"embeddable":true,"href":"https:\/\/fusteriacanbatllaura.com\/es\/wp-json\/wp\/v2\/users\/1"}],"replies":[{"embeddable":true,"href":"https:\/\/fusteriacanbatllaura.com\/es\/wp-json\/wp\/v2\/comments?post=1386"}],"version-history":[{"count":4,"href":"https:\/\/fusteriacanbatllaura.com\/es\/wp-json\/wp\/v2\/pages\/1386\/revisions"}],"predecessor-version":[{"id":2457,"href":"https:\/\/fusteriacanbatllaura.com\/es\/wp-json\/wp\/v2\/pages\/1386\/revisions\/2457"}],"wp:attachment":[{"href":"https:\/\/fusteriacanbatllaura.com\/es\/wp-json\/wp\/v2\/media?parent=1386"}],"curies":[{"name":"wp","href":"https:\/\/api.w.org\/{rel}","templated":true}]}}