{"id":1336,"date":"2025-07-16T05:49:23","date_gmt":"2025-07-16T03:49:23","guid":{"rendered":"https:\/\/fusteriacanbatllaura.com\/carpinteria-interior\/"},"modified":"2025-09-05T10:10:59","modified_gmt":"2025-09-05T08:10:59","slug":"carpinteria-interior","status":"publish","type":"page","link":"https:\/\/fusteriacanbatllaura.com\/es\/carpinteria-interior\/","title":{"rendered":"Carpinter\u00eda interior"},"content":{"rendered":"\t\t<div data-elementor-type=\"wp-page\" data-elementor-id=\"1336\" class=\"elementor elementor-1336 elementor-24\" data-elementor-post-type=\"page\">\n\t\t\t\t<div class=\"elementor-element elementor-element-22c31173 e-con-full e-flex e-con e-parent\" data-id=\"22c31173\" data-element_type=\"container\" data-e-type=\"container\" data-settings=\"{&quot;background_background&quot;:&quot;classic&quot;}\">\n\t\t<div class=\"elementor-element elementor-element-74eab653 e-con-full e-flex e-con e-child\" data-id=\"74eab653\" data-element_type=\"container\" data-e-type=\"container\" data-settings=\"{&quot;background_background&quot;:&quot;classic&quot;}\">\n\t\t\t\t<div class=\"elementor-element elementor-element-636ba7c1 elementor-widget elementor-widget-heading\" data-id=\"636ba7c1\" data-element_type=\"widget\" data-e-type=\"widget\" data-widget_type=\"heading.default\">\n\t\t\t\t<div class=\"elementor-widget-container\">\n\t\t\t\t\t<h2 class=\"elementor-heading-title elementor-size-default\">Carpinter\u00eda interior<\/h2>\t\t\t\t<\/div>\n\t\t\t\t<\/div>\n\t\t\t\t<div class=\"elementor-element elementor-element-2bed8f52 elementor-widget elementor-widget-text-editor\" data-id=\"2bed8f52\" data-element_type=\"widget\" data-e-type=\"widget\" data-widget_type=\"text-editor.default\">\n\t\t\t\t<div class=\"elementor-widget-container\">\n\t\t\t\t\t\t\t\t\t<p>Dentro de casa, ofrecemos carpinter\u00eda pensada para hacer la vida m\u00e1s acogedora: muebles hechos a medida, suelos c\u00e1lidos, puertas con car\u00e1cter y soluciones personalizadas para cada rinc\u00f3n. Nos fijamos en los acabados, en el encaje y en la belleza que s\u00f3lo da lo hecho con las manos.<\/p>\t\t\t\t\t\t\t\t<\/div>\n\t\t\t\t<\/div>\n\t\t\t\t<div class=\"elementor-element elementor-element-736f1ba elementor-widget-divider--view-line elementor-widget elementor-widget-divider\" data-id=\"736f1ba\" data-element_type=\"widget\" data-e-type=\"widget\" data-widget_type=\"divider.default\">\n\t\t\t\t<div class=\"elementor-widget-container\">\n\t\t\t\t\t\t\t<div class=\"elementor-divider\">\n\t\t\t<span class=\"elementor-divider-separator\">\n\t\t\t\t\t\t<\/span>\n\t\t<\/div>\n\t\t\t\t\t\t<\/div>\n\t\t\t\t<\/div>\n\t\t\t\t<\/div>\n\t\t<div class=\"elementor-element elementor-element-13404f57 e-con-full e-flex e-con e-child\" data-id=\"13404f57\" data-element_type=\"container\" data-e-type=\"container\" data-settings=\"{&quot;background_background&quot;:&quot;classic&quot;}\">\n\t\t\t\t<\/div>\n\t\t\t\t<\/div>\n\t\t<div class=\"elementor-element elementor-element-501e432 e-con-full e-flex e-con e-parent\" data-id=\"501e432\" data-element_type=\"container\" data-e-type=\"container\">\n\t\t<div class=\"elementor-element elementor-element-602d5a3 e-con-full e-flex e-con e-child\" data-id=\"602d5a3\" data-element_type=\"container\" data-e-type=\"container\">\n\t\t<div class=\"elementor-element elementor-element-a257932 e-con-full e-flex e-con e-child\" data-id=\"a257932\" data-element_type=\"container\" data-e-type=\"container\">\n\t\t\t\t<div class=\"elementor-element elementor-element-8447b68 elementor-widget elementor-widget-heading\" data-id=\"8447b68\" data-element_type=\"widget\" data-e-type=\"widget\" data-widget_type=\"heading.default\">\n\t\t\t\t<div class=\"elementor-widget-container\">\n\t\t\t\t\t<h2 class=\"elementor-heading-title elementor-size-default\">escaleras y barandillas<\/h2>\t\t\t\t<\/div>\n\t\t\t\t<\/div>\n\t\t\t\t<div class=\"elementor-element elementor-element-6680ac8 elementor-widget-divider--view-line elementor-widget elementor-widget-divider\" data-id=\"6680ac8\" data-element_type=\"widget\" data-e-type=\"widget\" data-widget_type=\"divider.default\">\n\t\t\t\t<div class=\"elementor-widget-container\">\n\t\t\t\t\t\t\t<div class=\"elementor-divider\">\n\t\t\t<span class=\"elementor-divider-separator\">\n\t\t\t\t\t\t<\/span>\n\t\t<\/div>\n\t\t\t\t\t\t<\/div>\n\t\t\t\t<\/div>\n\t\t\t\t<div class=\"elementor-element elementor-element-38dce7b elementor-widget elementor-widget-text-editor\" data-id=\"38dce7b\" data-element_type=\"widget\" data-e-type=\"widget\" data-widget_type=\"text-editor.default\">\n\t\t\t\t<div class=\"elementor-widget-container\">\n\t\t\t\t\t\t\t\t\t<p>Dentro de casa, ofrecemos carpinter\u00eda pensada para hacer la vida m\u00e1s acogedora: muebles hechos a medida, suelos c\u00e1lidos, puertas con car\u00e1cter y soluciones personalizadas para cada rinc\u00f3n. Nos fijamos en los acabados, en el encaje y en la belleza que s\u00f3lo da lo hecho con las manos.<\/p>\t\t\t\t\t\t\t\t<\/div>\n\t\t\t\t<\/div>\n\t\t\t\t<\/div>\n\t\t<div class=\"elementor-element elementor-element-1ea2799 e-con-full e-flex e-con e-child\" data-id=\"1ea2799\" data-element_type=\"container\" data-e-type=\"container\" data-settings=\"{&quot;background_background&quot;:&quot;classic&quot;}\">\n\t\t\t\t<\/div>\n\t\t\t\t<\/div>\n\t\t<div class=\"elementor-element elementor-element-2d3c127 e-con-full e-flex e-con e-child\" data-id=\"2d3c127\" data-element_type=\"container\" data-e-type=\"container\">\n\t\t<div class=\"elementor-element elementor-element-75e9aaa e-con-full e-flex e-con e-child\" data-id=\"75e9aaa\" data-element_type=\"container\" data-e-type=\"container\">\n\t\t\t\t<div class=\"elementor-element elementor-element-fce5834 elementor-widget elementor-widget-heading\" data-id=\"fce5834\" data-element_type=\"widget\" data-e-type=\"widget\" data-widget_type=\"heading.default\">\n\t\t\t\t<div class=\"elementor-widget-container\">\n\t\t\t\t\t<h2 class=\"elementor-heading-title elementor-size-default\">Cocinas<\/h2>\t\t\t\t<\/div>\n\t\t\t\t<\/div>\n\t\t\t\t<div class=\"elementor-element elementor-element-2296695 elementor-widget-divider--view-line elementor-widget elementor-widget-divider\" data-id=\"2296695\" data-element_type=\"widget\" data-e-type=\"widget\" data-widget_type=\"divider.default\">\n\t\t\t\t<div class=\"elementor-widget-container\">\n\t\t\t\t\t\t\t<div class=\"elementor-divider\">\n\t\t\t<span class=\"elementor-divider-separator\">\n\t\t\t\t\t\t<\/span>\n\t\t<\/div>\n\t\t\t\t\t\t<\/div>\n\t\t\t\t<\/div>\n\t\t\t\t<div class=\"elementor-element elementor-element-eefe906 elementor-widget elementor-widget-text-editor\" data-id=\"eefe906\" data-element_type=\"widget\" data-e-type=\"widget\" data-widget_type=\"text-editor.default\">\n\t\t\t\t<div class=\"elementor-widget-container\">\n\t\t\t\t\t\t\t\t\t<p>Fuera trabajamos la madera como parte del paisaje. Construimos porches, estructuras y revestimientos que no s\u00f3lo son \u00fatiles y resistentes, sino que tambi\u00e9n armonizan con el entorno natural que nos rodea. Porque aqu\u00ed, entre monta\u00f1as y bosques, la madera est\u00e1 casa.<\/p>\t\t\t\t\t\t\t\t<\/div>\n\t\t\t\t<\/div>\n\t\t\t\t<\/div>\n\t\t<div class=\"elementor-element elementor-element-26a60e0 e-con-full e-flex e-con e-child\" data-id=\"26a60e0\" data-element_type=\"container\" data-e-type=\"container\" data-settings=\"{&quot;background_background&quot;:&quot;classic&quot;}\">\n\t\t\t\t<\/div>\n\t\t\t\t<\/div>\n\t\t<div class=\"elementor-element elementor-element-ed88f86 e-con-full e-flex e-con e-child\" data-id=\"ed88f86\" data-element_type=\"container\" data-e-type=\"container\">\n\t\t<div class=\"elementor-element elementor-element-d73ed98 e-con-full e-flex e-con e-child\" data-id=\"d73ed98\" data-element_type=\"container\" data-e-type=\"container\">\n\t\t\t\t<div class=\"elementor-element elementor-element-53c2f6d elementor-widget elementor-widget-heading\" data-id=\"53c2f6d\" data-element_type=\"widget\" data-e-type=\"widget\" data-widget_type=\"heading.default\">\n\t\t\t\t<div class=\"elementor-widget-container\">\n\t\t\t\t\t<h2 class=\"elementor-heading-title elementor-size-default\">Muebles<\/h2>\t\t\t\t<\/div>\n\t\t\t\t<\/div>\n\t\t\t\t<div class=\"elementor-element elementor-element-6ad82dd elementor-widget-divider--view-line elementor-widget elementor-widget-divider\" data-id=\"6ad82dd\" data-element_type=\"widget\" data-e-type=\"widget\" data-widget_type=\"divider.default\">\n\t\t\t\t<div class=\"elementor-widget-container\">\n\t\t\t\t\t\t\t<div class=\"elementor-divider\">\n\t\t\t<span class=\"elementor-divider-separator\">\n\t\t\t\t\t\t<\/span>\n\t\t<\/div>\n\t\t\t\t\t\t<\/div>\n\t\t\t\t<\/div>\n\t\t\t\t<div class=\"elementor-element elementor-element-5b246ec elementor-widget elementor-widget-text-editor\" data-id=\"5b246ec\" data-element_type=\"widget\" data-e-type=\"widget\" data-widget_type=\"text-editor.default\">\n\t\t\t\t<div class=\"elementor-widget-container\">\n\t\t\t\t\t\t\t\t\t<p>Tambi\u00e9n restauramos, conservamos y transformamos. Recuperamos piezas antiguas o espacios que necesitan una nueva vida, y lo hacemos con criterio, sensibilidad y cuidado. Es una manera de mantener vivo lo que forma parte de la historia de un sitio o de una familia.<\/p>\t\t\t\t\t\t\t\t<\/div>\n\t\t\t\t<\/div>\n\t\t\t\t<\/div>\n\t\t<div class=\"elementor-element elementor-element-3d39ff0 e-con-full e-flex e-con e-child\" data-id=\"3d39ff0\" data-element_type=\"container\" data-e-type=\"container\" data-settings=\"{&quot;background_background&quot;:&quot;classic&quot;}\">\n\t\t\t\t<\/div>\n\t\t\t\t<\/div>\n\t\t<div class=\"elementor-element elementor-element-50dd57a e-con-full e-flex e-con e-child\" data-id=\"50dd57a\" data-element_type=\"container\" data-e-type=\"container\">\n\t\t<div class=\"elementor-element elementor-element-0a28b8b e-con-full e-flex e-con e-child\" data-id=\"0a28b8b\" data-element_type=\"container\" data-e-type=\"container\">\n\t\t\t\t<div class=\"elementor-element elementor-element-5e23ce0 elementor-widget elementor-widget-heading\" data-id=\"5e23ce0\" data-element_type=\"widget\" data-e-type=\"widget\" data-widget_type=\"heading.default\">\n\t\t\t\t<div class=\"elementor-widget-container\">\n\t\t\t\t\t<h2 class=\"elementor-heading-title elementor-size-default\">revestimientos paredes y techos<\/h2>\t\t\t\t<\/div>\n\t\t\t\t<\/div>\n\t\t\t\t<div class=\"elementor-element elementor-element-1116d88 elementor-widget-divider--view-line elementor-widget elementor-widget-divider\" data-id=\"1116d88\" data-element_type=\"widget\" data-e-type=\"widget\" data-widget_type=\"divider.default\">\n\t\t\t\t<div class=\"elementor-widget-container\">\n\t\t\t\t\t\t\t<div class=\"elementor-divider\">\n\t\t\t<span class=\"elementor-divider-separator\">\n\t\t\t\t\t\t<\/span>\n\t\t<\/div>\n\t\t\t\t\t\t<\/div>\n\t\t\t\t<\/div>\n\t\t\t\t<div class=\"elementor-element elementor-element-c1eaa51 elementor-widget elementor-widget-text-editor\" data-id=\"c1eaa51\" data-element_type=\"widget\" data-e-type=\"widget\" data-widget_type=\"text-editor.default\">\n\t\t\t\t<div class=\"elementor-widget-container\">\n\t\t\t\t\t\t\t\t\t<p>Fuera trabajamos la madera como parte del paisaje. Construimos porches, estructuras y revestimientos que no s\u00f3lo son \u00fatiles y resistentes, sino que tambi\u00e9n armonizan con el entorno natural que nos rodea. Porque aqu\u00ed, entre monta\u00f1as y bosques, la madera est\u00e1 casa.<\/p>\t\t\t\t\t\t\t\t<\/div>\n\t\t\t\t<\/div>\n\t\t\t\t<\/div>\n\t\t<div class=\"elementor-element elementor-element-ca03e89 e-con-full e-flex e-con e-child\" data-id=\"ca03e89\" data-element_type=\"container\" data-e-type=\"container\" data-settings=\"{&quot;background_background&quot;:&quot;classic&quot;}\">\n\t\t\t\t<\/div>\n\t\t\t\t<\/div>\n\t\t\t\t<\/div>\n\t\t<div class=\"elementor-element elementor-element-15b34e0 e-con-full e-flex e-con e-parent\" data-id=\"15b34e0\" data-element_type=\"container\" data-e-type=\"container\" data-settings=\"{&quot;background_background&quot;:&quot;classic&quot;}\">\n\t\t<div class=\"elementor-element elementor-element-c6f9ba6 e-con-full e-flex e-con e-child\" data-id=\"c6f9ba6\" data-element_type=\"container\" data-e-type=\"container\">\n\t\t\t\t<div class=\"elementor-element elementor-element-0ecea3b elementor-widget elementor-widget-heading\" data-id=\"0ecea3b\" data-element_type=\"widget\" data-e-type=\"widget\" data-widget_type=\"heading.default\">\n\t\t\t\t<div class=\"elementor-widget-container\">\n\t\t\t\t\t<h2 class=\"elementor-heading-title elementor-size-default\">Proyectos<\/h2>\t\t\t\t<\/div>\n\t\t\t\t<\/div>\n\t\t\t\t<div class=\"elementor-element elementor-element-182629a elementor-widget elementor-widget-text-editor\" data-id=\"182629a\" data-element_type=\"widget\" data-e-type=\"widget\" data-widget_type=\"text-editor.default\">\n\t\t\t\t<div class=\"elementor-widget-container\">\n\t\t\t\t\t\t\t\t\t<p>Se trata de proyectos pensados, dise\u00f1ados y construidos cuidadosamente, adaptados a cada espacio y cada necesidad. En la Fusteria Can Batllaura cada proyecto es \u00fanico, como las personas que est\u00e1n detr\u00e1s. En este espacio compartimos algunos de los trabajos que hemos hecho en Camprodon y sus alrededores: muebles a medida, porches, reformas, restauraciones y mucho m\u00e1s.<\/p>\t\t\t\t\t\t\t\t<\/div>\n\t\t\t\t<\/div>\n\t\t\t\t<div class=\"elementor-element elementor-element-0359742 elementor-widget-divider--view-line elementor-widget elementor-widget-divider\" data-id=\"0359742\" data-element_type=\"widget\" data-e-type=\"widget\" data-widget_type=\"divider.default\">\n\t\t\t\t<div class=\"elementor-widget-container\">\n\t\t\t\t\t\t\t<div class=\"elementor-divider\">\n\t\t\t<span class=\"elementor-divider-separator\">\n\t\t\t\t\t\t<\/span>\n\t\t<\/div>\n\t\t\t\t\t\t<\/div>\n\t\t\t\t<\/div>\n\t\t\t\t<div class=\"elementor-element elementor-element-57a1129 elementor-widget elementor-widget-text-editor\" data-id=\"57a1129\" data-element_type=\"widget\" data-e-type=\"widget\" data-widget_type=\"text-editor.default\">\n\t\t\t\t<div class=\"elementor-widget-container\">\n\t\t\t\t\t\t\t\t\t<p><a href=\"https:\/\/fusteriacanbatllaura.com\/es\/proyectos\/\">Ver todos los proyectos -&gt;<\/a><\/p>\t\t\t\t\t\t\t\t<\/div>\n\t\t\t\t<\/div>\n\t\t\t\t<\/div>\n\t\t<div class=\"elementor-element elementor-element-85022fa e-con-full e-flex e-con e-child\" data-id=\"85022fa\" data-element_type=\"container\" data-e-type=\"container\" data-settings=\"{&quot;background_background&quot;:&quot;classic&quot;}\">\n\t\t\t\t<\/div>\n\t\t\t\t<\/div>\n\t\t\t\t<\/div>\n\t\t","protected":false},"excerpt":{"rendered":"<p>Carpinter\u00eda interior Dentro de casa, ofrecemos carpinter\u00eda pensada para hacer la vida m\u00e1s acogedora: muebles hechos a medida, suelos c\u00e1lidos, puertas con car\u00e1cter y soluciones personalizadas para cada rinc\u00f3n. Nos fijamos en los acabados, en el encaje y en la belleza que s\u00f3lo da lo hecho con las manos. escaleras y barandillas Dentro de casa, [&hellip;]<\/p>\n","protected":false},"author":1,"featured_media":0,"parent":0,"menu_order":0,"comment_status":"closed","ping_status":"closed","template":"","meta":{"footnotes":""},"class_list":["post-1336","page","type-page","status-publish","hentry"],"yoast_head":"<!-- This site is optimized with the Yoast SEO plugin v25.9 - https:\/\/yoast.com\/wordpress\/plugins\/seo\/ -->\n<title>Carpinter\u00eda interior - Fusteria Can Batllaura<\/title>\n<meta name=\"robots\" content=\"index, follow, max-snippet:-1, max-image-preview:large, max-video-preview:-1\" \/>\n<link rel=\"canonical\" href=\"https:\/\/fusteriacanbatllaura.com\/es\/carpinteria-interior\/\" \/>\n<meta property=\"og:locale\" content=\"es_ES\" \/>\n<meta property=\"og:type\" content=\"article\" \/>\n<meta property=\"og:title\" content=\"Carpinter\u00eda interior - Fusteria Can Batllaura\" \/>\n<meta property=\"og:description\" content=\"Carpinter\u00eda interior Dentro de casa, ofrecemos carpinter\u00eda pensada para hacer la vida m\u00e1s acogedora: muebles hechos a medida, suelos c\u00e1lidos, puertas con car\u00e1cter y soluciones personalizadas para cada rinc\u00f3n. Nos fijamos en los acabados, en el encaje y en la belleza que s\u00f3lo da lo hecho con las manos. escaleras y barandillas Dentro de casa, [&hellip;]\" \/>\n<meta property=\"og:url\" content=\"https:\/\/fusteriacanbatllaura.com\/es\/carpinteria-interior\/\" \/>\n<meta property=\"og:site_name\" content=\"Fusteria Can Batllaura\" \/>\n<meta property=\"article:modified_time\" content=\"2025-09-05T08:10:59+00:00\" \/>\n<meta name=\"twitter:card\" content=\"summary_large_image\" \/>\n<meta name=\"twitter:label1\" content=\"Tiempo de lectura\" \/>\n\t<meta name=\"twitter:data1\" content=\"2 minutos\" \/>\n<script type=\"application\/ld+json\" class=\"yoast-schema-graph\">{\"@context\":\"https:\/\/schema.org\",\"@graph\":[{\"@type\":\"WebPage\",\"@id\":\"https:\/\/fusteriacanbatllaura.com\/es\/carpinteria-interior\/\",\"url\":\"https:\/\/fusteriacanbatllaura.com\/es\/carpinteria-interior\/\",\"name\":\"Carpinter\u00eda interior - Fusteria Can Batllaura\",\"isPartOf\":{\"@id\":\"https:\/\/fusteriacanbatllaura.com\/es\/#website\"},\"datePublished\":\"2025-07-16T03:49:23+00:00\",\"dateModified\":\"2025-09-05T08:10:59+00:00\",\"breadcrumb\":{\"@id\":\"https:\/\/fusteriacanbatllaura.com\/es\/carpinteria-interior\/#breadcrumb\"},\"inLanguage\":\"es\",\"potentialAction\":[{\"@type\":\"ReadAction\",\"target\":[\"https:\/\/fusteriacanbatllaura.com\/es\/carpinteria-interior\/\"]}]},{\"@type\":\"BreadcrumbList\",\"@id\":\"https:\/\/fusteriacanbatllaura.com\/es\/carpinteria-interior\/#breadcrumb\",\"itemListElement\":[{\"@type\":\"ListItem\",\"position\":1,\"name\":\"Portada\",\"item\":\"https:\/\/fusteriacanbatllaura.com\/es\/inicio\/\"},{\"@type\":\"ListItem\",\"position\":2,\"name\":\"Carpinter\u00eda interior\"}]},{\"@type\":\"WebSite\",\"@id\":\"https:\/\/fusteriacanbatllaura.com\/es\/#website\",\"url\":\"https:\/\/fusteriacanbatllaura.com\/es\/\",\"name\":\"Fusteria Can Batllaura\",\"description\":\"Art i ofici en fusta des de Camprodon\",\"publisher\":{\"@id\":\"https:\/\/fusteriacanbatllaura.com\/es\/#organization\"},\"potentialAction\":[{\"@type\":\"SearchAction\",\"target\":{\"@type\":\"EntryPoint\",\"urlTemplate\":\"https:\/\/fusteriacanbatllaura.com\/es\/?s={search_term_string}\"},\"query-input\":{\"@type\":\"PropertyValueSpecification\",\"valueRequired\":true,\"valueName\":\"search_term_string\"}}],\"inLanguage\":\"es\"},{\"@type\":\"Organization\",\"@id\":\"https:\/\/fusteriacanbatllaura.com\/es\/#organization\",\"name\":\"Fusteria Can Batllaura\",\"url\":\"https:\/\/fusteriacanbatllaura.com\/es\/\",\"logo\":{\"@type\":\"ImageObject\",\"inLanguage\":\"es\",\"@id\":\"https:\/\/fusteriacanbatllaura.com\/es\/#\/schema\/logo\/image\/\",\"url\":\"https:\/\/fusteriacanbatllaura.com\/wp-content\/uploads\/2025\/07\/logo.png\",\"contentUrl\":\"https:\/\/fusteriacanbatllaura.com\/wp-content\/uploads\/2025\/07\/logo.png\",\"width\":167,\"height\":122,\"caption\":\"Fusteria Can Batllaura\"},\"image\":{\"@id\":\"https:\/\/fusteriacanbatllaura.com\/es\/#\/schema\/logo\/image\/\"}}]}<\/script>\n<!-- \/ Yoast SEO plugin. -->","yoast_head_json":{"title":"Carpinter\u00eda interior - Fusteria Can Batllaura","robots":{"index":"index","follow":"follow","max-snippet":"max-snippet:-1","max-image-preview":"max-image-preview:large","max-video-preview":"max-video-preview:-1"},"canonical":"https:\/\/fusteriacanbatllaura.com\/es\/carpinteria-interior\/","og_locale":"es_ES","og_type":"article","og_title":"Carpinter\u00eda interior - Fusteria Can Batllaura","og_description":"Carpinter\u00eda interior Dentro de casa, ofrecemos carpinter\u00eda pensada para hacer la vida m\u00e1s acogedora: muebles hechos a medida, suelos c\u00e1lidos, puertas con car\u00e1cter y soluciones personalizadas para cada rinc\u00f3n. Nos fijamos en los acabados, en el encaje y en la belleza que s\u00f3lo da lo hecho con las manos. escaleras y barandillas Dentro de casa, [&hellip;]","og_url":"https:\/\/fusteriacanbatllaura.com\/es\/carpinteria-interior\/","og_site_name":"Fusteria Can Batllaura","article_modified_time":"2025-09-05T08:10:59+00:00","twitter_card":"summary_large_image","twitter_misc":{"Tiempo de lectura":"2 minutos"},"schema":{"@context":"https:\/\/schema.org","@graph":[{"@type":"WebPage","@id":"https:\/\/fusteriacanbatllaura.com\/es\/carpinteria-interior\/","url":"https:\/\/fusteriacanbatllaura.com\/es\/carpinteria-interior\/","name":"Carpinter\u00eda interior - Fusteria Can Batllaura","isPartOf":{"@id":"https:\/\/fusteriacanbatllaura.com\/es\/#website"},"datePublished":"2025-07-16T03:49:23+00:00","dateModified":"2025-09-05T08:10:59+00:00","breadcrumb":{"@id":"https:\/\/fusteriacanbatllaura.com\/es\/carpinteria-interior\/#breadcrumb"},"inLanguage":"es","potentialAction":[{"@type":"ReadAction","target":["https:\/\/fusteriacanbatllaura.com\/es\/carpinteria-interior\/"]}]},{"@type":"BreadcrumbList","@id":"https:\/\/fusteriacanbatllaura.com\/es\/carpinteria-interior\/#breadcrumb","itemListElement":[{"@type":"ListItem","position":1,"name":"Portada","item":"https:\/\/fusteriacanbatllaura.com\/es\/inicio\/"},{"@type":"ListItem","position":2,"name":"Carpinter\u00eda interior"}]},{"@type":"WebSite","@id":"https:\/\/fusteriacanbatllaura.com\/es\/#website","url":"https:\/\/fusteriacanbatllaura.com\/es\/","name":"Fusteria Can Batllaura","description":"Art i ofici en fusta des de Camprodon","publisher":{"@id":"https:\/\/fusteriacanbatllaura.com\/es\/#organization"},"potentialAction":[{"@type":"SearchAction","target":{"@type":"EntryPoint","urlTemplate":"https:\/\/fusteriacanbatllaura.com\/es\/?s={search_term_string}"},"query-input":{"@type":"PropertyValueSpecification","valueRequired":true,"valueName":"search_term_string"}}],"inLanguage":"es"},{"@type":"Organization","@id":"https:\/\/fusteriacanbatllaura.com\/es\/#organization","name":"Fusteria Can Batllaura","url":"https:\/\/fusteriacanbatllaura.com\/es\/","logo":{"@type":"ImageObject","inLanguage":"es","@id":"https:\/\/fusteriacanbatllaura.com\/es\/#\/schema\/logo\/image\/","url":"https:\/\/fusteriacanbatllaura.com\/wp-content\/uploads\/2025\/07\/logo.png","contentUrl":"https:\/\/fusteriacanbatllaura.com\/wp-content\/uploads\/2025\/07\/logo.png","width":167,"height":122,"caption":"Fusteria Can Batllaura"},"image":{"@id":"https:\/\/fusteriacanbatllaura.com\/es\/#\/schema\/logo\/image\/"}}]}},"_links":{"self":[{"href":"https:\/\/fusteriacanbatllaura.com\/es\/wp-json\/wp\/v2\/pages\/1336","targetHints":{"allow":["GET"]}}],"collection":[{"href":"https:\/\/fusteriacanbatllaura.com\/es\/wp-json\/wp\/v2\/pages"}],"about":[{"href":"https:\/\/fusteriacanbatllaura.com\/es\/wp-json\/wp\/v2\/types\/page"}],"author":[{"embeddable":true,"href":"https:\/\/fusteriacanbatllaura.com\/es\/wp-json\/wp\/v2\/users\/1"}],"replies":[{"embeddable":true,"href":"https:\/\/fusteriacanbatllaura.com\/es\/wp-json\/wp\/v2\/comments?post=1336"}],"version-history":[{"count":22,"href":"https:\/\/fusteriacanbatllaura.com\/es\/wp-json\/wp\/v2\/pages\/1336\/revisions"}],"predecessor-version":[{"id":2408,"href":"https:\/\/fusteriacanbatllaura.com\/es\/wp-json\/wp\/v2\/pages\/1336\/revisions\/2408"}],"wp:attachment":[{"href":"https:\/\/fusteriacanbatllaura.com\/es\/wp-json\/wp\/v2\/media?parent=1336"}],"curies":[{"name":"wp","href":"https:\/\/api.w.org\/{rel}","templated":true}]}}