{"id":1313,"date":"2025-07-16T05:48:31","date_gmt":"2025-07-16T03:48:31","guid":{"rendered":"https:\/\/fusteriacanbatllaura.com\/quienes-somos\/"},"modified":"2025-09-05T09:59:24","modified_gmt":"2025-09-05T07:59:24","slug":"quienes-somos","status":"publish","type":"page","link":"https:\/\/fusteriacanbatllaura.com\/es\/quienes-somos\/","title":{"rendered":"Qui\u00e9nes somos"},"content":{"rendered":"\t\t<div data-elementor-type=\"wp-page\" data-elementor-id=\"1313\" class=\"elementor elementor-1313 elementor-22\" data-elementor-post-type=\"page\">\n\t\t\t\t<div class=\"elementor-element elementor-element-5fa04716 e-con-full e-flex e-con e-parent\" data-id=\"5fa04716\" data-element_type=\"container\" data-e-type=\"container\" data-settings=\"{&quot;background_background&quot;:&quot;classic&quot;}\">\n\t\t<div class=\"elementor-element elementor-element-6f132170 e-con-full e-flex e-con e-child\" data-id=\"6f132170\" data-element_type=\"container\" data-e-type=\"container\" data-settings=\"{&quot;background_background&quot;:&quot;classic&quot;}\">\n\t\t\t\t<div class=\"elementor-element elementor-element-649577c1 elementor-widget elementor-widget-heading\" data-id=\"649577c1\" data-element_type=\"widget\" data-e-type=\"widget\" data-widget_type=\"heading.default\">\n\t\t\t\t<div class=\"elementor-widget-container\">\n\t\t\t\t\t<h2 class=\"elementor-heading-title elementor-size-default\">Qui\u00e9nes Somos<\/h2>\t\t\t\t<\/div>\n\t\t\t\t<\/div>\n\t\t\t\t<div class=\"elementor-element elementor-element-41c6b0b9 elementor-widget elementor-widget-text-editor\" data-id=\"41c6b0b9\" data-element_type=\"widget\" data-e-type=\"widget\" data-widget_type=\"text-editor.default\">\n\t\t\t\t<div class=\"elementor-widget-container\">\n\t\t\t\t\t\t\t\t\t<p>Somos una carpinter\u00eda con taller en Camprodon, nacida del oficio, la pasi\u00f3n por la madera y el compromiso con el trabajo bien hecho. Con los a\u00f1os hemos crecido manteniendo siempre la proximidad con el cliente, el respeto a los materiales y la atenci\u00f3n a los detalles. Nos gusta escuchar, entender cada proyecto y encontrar soluciones \u00fatiles, duraderas y est\u00e9ticamente coherentes. Trabajamos tanto para particulares como para empresas y alojamientos, siempre desde el territorio y con ra\u00edces artesanas.<\/p>\t\t\t\t\t\t\t\t<\/div>\n\t\t\t\t<\/div>\n\t\t\t\t<div class=\"elementor-element elementor-element-1a0a688b elementor-widget-divider--view-line elementor-widget elementor-widget-divider\" data-id=\"1a0a688b\" data-element_type=\"widget\" data-e-type=\"widget\" data-widget_type=\"divider.default\">\n\t\t\t\t<div class=\"elementor-widget-container\">\n\t\t\t\t\t\t\t<div class=\"elementor-divider\">\n\t\t\t<span class=\"elementor-divider-separator\">\n\t\t\t\t\t\t<\/span>\n\t\t<\/div>\n\t\t\t\t\t\t<\/div>\n\t\t\t\t<\/div>\n\t\t\t\t<\/div>\n\t\t<div class=\"elementor-element elementor-element-5b96cbdd e-con-full e-flex e-con e-child\" data-id=\"5b96cbdd\" data-element_type=\"container\" data-e-type=\"container\" data-settings=\"{&quot;background_background&quot;:&quot;classic&quot;}\">\n\t\t\t\t<\/div>\n\t\t\t\t<\/div>\n\t\t<div class=\"elementor-element elementor-element-86fda44 e-con-full e-flex e-con e-parent\" data-id=\"86fda44\" data-element_type=\"container\" data-e-type=\"container\">\n\t\t\t\t<div class=\"elementor-element elementor-element-cac0733 elementor-widget elementor-widget-text-editor\" data-id=\"cac0733\" data-element_type=\"widget\" data-e-type=\"widget\" data-widget_type=\"text-editor.default\">\n\t\t\t\t<div class=\"elementor-widget-container\">\n\t\t\t\t\t\t\t\t\t<p>En Fusteria Can Batllaura somos la tercera generaci\u00f3n de carpinteros en el Valle de Camprodon. Un oficio que hemos aprendido de los que nos precedieron y que seguimos ejerciendo con la misma pasi\u00f3n, respeto y rigor que antes. Nuestro taller es, hoy, la evoluci\u00f3n de una forma de hacer que combina tradici\u00f3n y adaptaci\u00f3n a los nuevos tiempos, donde las herramientas manuales conviven con t\u00e9cnicas actuales y materiales de calidad.<\/p><p>Trabajar la madera es para nosotros mucho m\u00e1s que construir muebles o estructuras. Es entender cada encargo como un proyecto \u00fanico, ponerle atenci\u00f3n, sentido y oficio. Nos gusta escuchar al cliente y caminar juntos, traduciendo sus ideas en soluciones reales, \u00fatiles y est\u00e9ticamente cuidadas. Nos implicamos desde el primer esbozo hasta el \u00faltimo detalle, porque creemos que s\u00f3lo desde el compromiso nace un buen resultado.<\/p><p>En Can Batllaura trabajamos tanto carpinter\u00eda interior como exterior, y tambi\u00e9n realizamos restauraciones y reformas integrales. Dise\u00f1amos y fabricamos muebles a medida, puertas, parqu\u00e9s, porches, revestimientos, y estructuras de todo tipo, siempre con la madera como protagonista. Nos gusta la calidez, la solidez y la naturalidad de este material vivo, y sabemos c\u00f3mo hacerlo dialogar con cada espacio y con cada cliente.<\/p><p>Hemos colaborado en proyectos de viviendas particulares, alojamientos rurales, mas\u00edas, <span style=\"font-size: 1rem;\">hoteles, restaurantes,<\/span><span style=\"font-size: 1rem;\">  comercios y espacios singulares, aportando soluciones personalizadas, tanto en obra nueva como en reforma. Tambi\u00e9n recuperamos piezas antiguas y elementos estructurales con valor hist\u00f3rico, respetando su esencia y devolvi\u00e9ndoles la funcionalidad y la belleza.<\/span><\/p><p>Nuestra forma de hacer est\u00e1 arraigada en el territorio. Conocer los materiales, clima y particularidades del entorno nos permite ofrecer soluciones realmente adaptadas. Nos amamos este valle, y hacer carpinter\u00eda es tambi\u00e9n una forma de contribuir a mantener viva una manera de construir, habitar y relacionarnos con la naturaleza y con los espacios.<\/p><p>Desde Camprodon, trabajamos para todo el Ripoll\u00e8s y comarcas vecinas, con el orgullo de formar parte de una historia familiar y local que todav\u00eda tiene mucho que decir. Nos encontrar\u00e1s en el taller, trabajando con las manos, con la cabeza y sobre todo con el coraz\u00f3n.<\/p>\t\t\t\t\t\t\t\t<\/div>\n\t\t\t\t<\/div>\n\t\t\t\t<\/div>\n\t\t<div class=\"elementor-element elementor-element-7e3cf5f e-con-full e-flex e-con e-parent\" data-id=\"7e3cf5f\" data-element_type=\"container\" data-e-type=\"container\" data-settings=\"{&quot;background_background&quot;:&quot;classic&quot;}\">\n\t\t<div class=\"elementor-element elementor-element-a4c5935 e-con-full e-flex e-con e-child\" data-id=\"a4c5935\" data-element_type=\"container\" data-e-type=\"container\">\n\t\t\t\t<div class=\"elementor-element elementor-element-ffe72a4 elementor-widget elementor-widget-heading\" data-id=\"ffe72a4\" data-element_type=\"widget\" data-e-type=\"widget\" data-widget_type=\"heading.default\">\n\t\t\t\t<div class=\"elementor-widget-container\">\n\t\t\t\t\t<h2 class=\"elementor-heading-title elementor-size-default\">Proyectos<\/h2>\t\t\t\t<\/div>\n\t\t\t\t<\/div>\n\t\t\t\t<div class=\"elementor-element elementor-element-258012f elementor-widget elementor-widget-text-editor\" data-id=\"258012f\" data-element_type=\"widget\" data-e-type=\"widget\" data-widget_type=\"text-editor.default\">\n\t\t\t\t<div class=\"elementor-widget-container\">\n\t\t\t\t\t\t\t\t\t<p>Se trata de proyectos pensados, dise\u00f1ados y construidos cuidadosamente, adaptados a cada espacio y cada necesidad. En la Fusteria Can Batllaura cada proyecto es \u00fanico, como las personas que est\u00e1n detr\u00e1s. En este espacio compartimos algunos de los trabajos que hemos hecho en Camprodon y sus alrededores: muebles a medida, porches, reformas, restauraciones y mucho m\u00e1s.<\/p>\t\t\t\t\t\t\t\t<\/div>\n\t\t\t\t<\/div>\n\t\t\t\t<div class=\"elementor-element elementor-element-7c21934 elementor-widget-divider--view-line elementor-widget elementor-widget-divider\" data-id=\"7c21934\" data-element_type=\"widget\" data-e-type=\"widget\" data-widget_type=\"divider.default\">\n\t\t\t\t<div class=\"elementor-widget-container\">\n\t\t\t\t\t\t\t<div class=\"elementor-divider\">\n\t\t\t<span class=\"elementor-divider-separator\">\n\t\t\t\t\t\t<\/span>\n\t\t<\/div>\n\t\t\t\t\t\t<\/div>\n\t\t\t\t<\/div>\n\t\t\t\t<div class=\"elementor-element elementor-element-56c6401 elementor-widget elementor-widget-text-editor\" data-id=\"56c6401\" data-element_type=\"widget\" data-e-type=\"widget\" data-widget_type=\"text-editor.default\">\n\t\t\t\t<div class=\"elementor-widget-container\">\n\t\t\t\t\t\t\t\t\t<p><a href=\"https:\/\/fusteriacanbatllaura.com\/es\/proyectos\/\">Ver todos los proyectos -&gt;<\/a><\/p>\t\t\t\t\t\t\t\t<\/div>\n\t\t\t\t<\/div>\n\t\t\t\t<\/div>\n\t\t<div class=\"elementor-element elementor-element-63eb289 e-con-full e-flex e-con e-child\" data-id=\"63eb289\" data-element_type=\"container\" data-e-type=\"container\" data-settings=\"{&quot;background_background&quot;:&quot;classic&quot;}\">\n\t\t\t\t<\/div>\n\t\t\t\t<\/div>\n\t\t\t\t<\/div>\n\t\t","protected":false},"excerpt":{"rendered":"<p>Qui\u00e9nes Somos Somos una carpinter\u00eda con taller en Camprodon, nacida del oficio, la pasi\u00f3n por la madera y el compromiso con el trabajo bien hecho. Con los a\u00f1os hemos crecido manteniendo siempre la proximidad con el cliente, el respeto a los materiales y la atenci\u00f3n a los detalles. Nos gusta escuchar, entender cada proyecto y [&hellip;]<\/p>\n","protected":false},"author":1,"featured_media":0,"parent":0,"menu_order":0,"comment_status":"closed","ping_status":"closed","template":"","meta":{"footnotes":""},"class_list":["post-1313","page","type-page","status-publish","hentry"],"yoast_head":"<!-- This site is optimized with the Yoast SEO plugin v25.9 - https:\/\/yoast.com\/wordpress\/plugins\/seo\/ -->\n<title>Qui\u00e9nes somos - Fusteria Can Batllaura<\/title>\n<meta name=\"robots\" content=\"index, follow, max-snippet:-1, max-image-preview:large, max-video-preview:-1\" \/>\n<link rel=\"canonical\" href=\"https:\/\/fusteriacanbatllaura.com\/es\/quienes-somos\/\" \/>\n<meta property=\"og:locale\" content=\"es_ES\" \/>\n<meta property=\"og:type\" content=\"article\" \/>\n<meta property=\"og:title\" content=\"Qui\u00e9nes somos - Fusteria Can Batllaura\" \/>\n<meta property=\"og:description\" content=\"Qui\u00e9nes Somos Somos una carpinter\u00eda con taller en Camprodon, nacida del oficio, la pasi\u00f3n por la madera y el compromiso con el trabajo bien hecho. Con los a\u00f1os hemos crecido manteniendo siempre la proximidad con el cliente, el respeto a los materiales y la atenci\u00f3n a los detalles. Nos gusta escuchar, entender cada proyecto y [&hellip;]\" \/>\n<meta property=\"og:url\" content=\"https:\/\/fusteriacanbatllaura.com\/es\/quienes-somos\/\" \/>\n<meta property=\"og:site_name\" content=\"Fusteria Can Batllaura\" \/>\n<meta property=\"article:modified_time\" content=\"2025-09-05T07:59:24+00:00\" \/>\n<meta name=\"twitter:card\" content=\"summary_large_image\" \/>\n<meta name=\"twitter:label1\" content=\"Tiempo de lectura\" \/>\n\t<meta name=\"twitter:data1\" content=\"3 minutos\" \/>\n<script type=\"application\/ld+json\" class=\"yoast-schema-graph\">{\"@context\":\"https:\/\/schema.org\",\"@graph\":[{\"@type\":\"WebPage\",\"@id\":\"https:\/\/fusteriacanbatllaura.com\/es\/quienes-somos\/\",\"url\":\"https:\/\/fusteriacanbatllaura.com\/es\/quienes-somos\/\",\"name\":\"Qui\u00e9nes somos - Fusteria Can Batllaura\",\"isPartOf\":{\"@id\":\"https:\/\/fusteriacanbatllaura.com\/es\/#website\"},\"datePublished\":\"2025-07-16T03:48:31+00:00\",\"dateModified\":\"2025-09-05T07:59:24+00:00\",\"breadcrumb\":{\"@id\":\"https:\/\/fusteriacanbatllaura.com\/es\/quienes-somos\/#breadcrumb\"},\"inLanguage\":\"es\",\"potentialAction\":[{\"@type\":\"ReadAction\",\"target\":[\"https:\/\/fusteriacanbatllaura.com\/es\/quienes-somos\/\"]}]},{\"@type\":\"BreadcrumbList\",\"@id\":\"https:\/\/fusteriacanbatllaura.com\/es\/quienes-somos\/#breadcrumb\",\"itemListElement\":[{\"@type\":\"ListItem\",\"position\":1,\"name\":\"Portada\",\"item\":\"https:\/\/fusteriacanbatllaura.com\/es\/inicio\/\"},{\"@type\":\"ListItem\",\"position\":2,\"name\":\"Qui\u00e9nes somos\"}]},{\"@type\":\"WebSite\",\"@id\":\"https:\/\/fusteriacanbatllaura.com\/es\/#website\",\"url\":\"https:\/\/fusteriacanbatllaura.com\/es\/\",\"name\":\"Fusteria Can Batllaura\",\"description\":\"Art i ofici en fusta des de Camprodon\",\"publisher\":{\"@id\":\"https:\/\/fusteriacanbatllaura.com\/es\/#organization\"},\"potentialAction\":[{\"@type\":\"SearchAction\",\"target\":{\"@type\":\"EntryPoint\",\"urlTemplate\":\"https:\/\/fusteriacanbatllaura.com\/es\/?s={search_term_string}\"},\"query-input\":{\"@type\":\"PropertyValueSpecification\",\"valueRequired\":true,\"valueName\":\"search_term_string\"}}],\"inLanguage\":\"es\"},{\"@type\":\"Organization\",\"@id\":\"https:\/\/fusteriacanbatllaura.com\/es\/#organization\",\"name\":\"Fusteria Can Batllaura\",\"url\":\"https:\/\/fusteriacanbatllaura.com\/es\/\",\"logo\":{\"@type\":\"ImageObject\",\"inLanguage\":\"es\",\"@id\":\"https:\/\/fusteriacanbatllaura.com\/es\/#\/schema\/logo\/image\/\",\"url\":\"https:\/\/fusteriacanbatllaura.com\/wp-content\/uploads\/2025\/07\/logo.png\",\"contentUrl\":\"https:\/\/fusteriacanbatllaura.com\/wp-content\/uploads\/2025\/07\/logo.png\",\"width\":167,\"height\":122,\"caption\":\"Fusteria Can Batllaura\"},\"image\":{\"@id\":\"https:\/\/fusteriacanbatllaura.com\/es\/#\/schema\/logo\/image\/\"}}]}<\/script>\n<!-- \/ Yoast SEO plugin. -->","yoast_head_json":{"title":"Qui\u00e9nes somos - Fusteria Can Batllaura","robots":{"index":"index","follow":"follow","max-snippet":"max-snippet:-1","max-image-preview":"max-image-preview:large","max-video-preview":"max-video-preview:-1"},"canonical":"https:\/\/fusteriacanbatllaura.com\/es\/quienes-somos\/","og_locale":"es_ES","og_type":"article","og_title":"Qui\u00e9nes somos - Fusteria Can Batllaura","og_description":"Qui\u00e9nes Somos Somos una carpinter\u00eda con taller en Camprodon, nacida del oficio, la pasi\u00f3n por la madera y el compromiso con el trabajo bien hecho. Con los a\u00f1os hemos crecido manteniendo siempre la proximidad con el cliente, el respeto a los materiales y la atenci\u00f3n a los detalles. Nos gusta escuchar, entender cada proyecto y [&hellip;]","og_url":"https:\/\/fusteriacanbatllaura.com\/es\/quienes-somos\/","og_site_name":"Fusteria Can Batllaura","article_modified_time":"2025-09-05T07:59:24+00:00","twitter_card":"summary_large_image","twitter_misc":{"Tiempo de lectura":"3 minutos"},"schema":{"@context":"https:\/\/schema.org","@graph":[{"@type":"WebPage","@id":"https:\/\/fusteriacanbatllaura.com\/es\/quienes-somos\/","url":"https:\/\/fusteriacanbatllaura.com\/es\/quienes-somos\/","name":"Qui\u00e9nes somos - Fusteria Can Batllaura","isPartOf":{"@id":"https:\/\/fusteriacanbatllaura.com\/es\/#website"},"datePublished":"2025-07-16T03:48:31+00:00","dateModified":"2025-09-05T07:59:24+00:00","breadcrumb":{"@id":"https:\/\/fusteriacanbatllaura.com\/es\/quienes-somos\/#breadcrumb"},"inLanguage":"es","potentialAction":[{"@type":"ReadAction","target":["https:\/\/fusteriacanbatllaura.com\/es\/quienes-somos\/"]}]},{"@type":"BreadcrumbList","@id":"https:\/\/fusteriacanbatllaura.com\/es\/quienes-somos\/#breadcrumb","itemListElement":[{"@type":"ListItem","position":1,"name":"Portada","item":"https:\/\/fusteriacanbatllaura.com\/es\/inicio\/"},{"@type":"ListItem","position":2,"name":"Qui\u00e9nes somos"}]},{"@type":"WebSite","@id":"https:\/\/fusteriacanbatllaura.com\/es\/#website","url":"https:\/\/fusteriacanbatllaura.com\/es\/","name":"Fusteria Can Batllaura","description":"Art i ofici en fusta des de Camprodon","publisher":{"@id":"https:\/\/fusteriacanbatllaura.com\/es\/#organization"},"potentialAction":[{"@type":"SearchAction","target":{"@type":"EntryPoint","urlTemplate":"https:\/\/fusteriacanbatllaura.com\/es\/?s={search_term_string}"},"query-input":{"@type":"PropertyValueSpecification","valueRequired":true,"valueName":"search_term_string"}}],"inLanguage":"es"},{"@type":"Organization","@id":"https:\/\/fusteriacanbatllaura.com\/es\/#organization","name":"Fusteria Can Batllaura","url":"https:\/\/fusteriacanbatllaura.com\/es\/","logo":{"@type":"ImageObject","inLanguage":"es","@id":"https:\/\/fusteriacanbatllaura.com\/es\/#\/schema\/logo\/image\/","url":"https:\/\/fusteriacanbatllaura.com\/wp-content\/uploads\/2025\/07\/logo.png","contentUrl":"https:\/\/fusteriacanbatllaura.com\/wp-content\/uploads\/2025\/07\/logo.png","width":167,"height":122,"caption":"Fusteria Can Batllaura"},"image":{"@id":"https:\/\/fusteriacanbatllaura.com\/es\/#\/schema\/logo\/image\/"}}]}},"_links":{"self":[{"href":"https:\/\/fusteriacanbatllaura.com\/es\/wp-json\/wp\/v2\/pages\/1313","targetHints":{"allow":["GET"]}}],"collection":[{"href":"https:\/\/fusteriacanbatllaura.com\/es\/wp-json\/wp\/v2\/pages"}],"about":[{"href":"https:\/\/fusteriacanbatllaura.com\/es\/wp-json\/wp\/v2\/types\/page"}],"author":[{"embeddable":true,"href":"https:\/\/fusteriacanbatllaura.com\/es\/wp-json\/wp\/v2\/users\/1"}],"replies":[{"embeddable":true,"href":"https:\/\/fusteriacanbatllaura.com\/es\/wp-json\/wp\/v2\/comments?post=1313"}],"version-history":[{"count":25,"href":"https:\/\/fusteriacanbatllaura.com\/es\/wp-json\/wp\/v2\/pages\/1313\/revisions"}],"predecessor-version":[{"id":2405,"href":"https:\/\/fusteriacanbatllaura.com\/es\/wp-json\/wp\/v2\/pages\/1313\/revisions\/2405"}],"wp:attachment":[{"href":"https:\/\/fusteriacanbatllaura.com\/es\/wp-json\/wp\/v2\/media?parent=1313"}],"curies":[{"name":"wp","href":"https:\/\/api.w.org\/{rel}","templated":true}]}}